{"id":13287,"date":"2022-05-13T15:29:07","date_gmt":"2022-05-13T12:29:07","guid":{"rendered":"https:\/\/pangea.gr\/mosaike\/"},"modified":"2025-05-02T16:26:21","modified_gmt":"2025-05-02T13:26:21","slug":"splitte","status":"publish","type":"page","link":"https:\/\/pangea.gr\/de\/splitte\/","title":{"rendered":"Splitte"},"content":{"rendered":"\t\t<div data-elementor-type=\"wp-page\" data-elementor-id=\"13287\" class=\"elementor elementor-13287 elementor-926\" data-elementor-post-type=\"page\">\n\t\t\t\t\t\t<section class=\"elementor-section elementor-top-section elementor-element elementor-element-b2ba0bf elementor-section-boxed elementor-section-height-default elementor-section-height-default\" data-id=\"b2ba0bf\" data-element_type=\"section\">\n\t\t\t\t\t\t<div class=\"elementor-container elementor-column-gap-default\">\n\t\t\t\t\t<div class=\"aux-parallax-section elementor-column elementor-col-100 elementor-top-column elementor-element elementor-element-3efc65d\" data-id=\"3efc65d\" data-element_type=\"column\">\n\t\t\t<div class=\"elementor-widget-wrap elementor-element-populated\">\n\t\t\t\t\t\t<div class=\"elementor-element elementor-element-7569f30 elementor-widget elementor-widget-heading\" data-id=\"7569f30\" data-element_type=\"widget\" data-widget_type=\"heading.default\">\n\t\t\t\t<div class=\"elementor-widget-container\">\n\t\t\t\t\t<h1 class=\"elementor-heading-title elementor-size-default\">SPLITTE<\/h1>\t\t\t\t<\/div>\n\t\t\t\t<\/div>\n\t\t\t\t\t<\/div>\n\t\t<\/div>\n\t\t\t\t\t<\/div>\n\t\t<\/section>\n\t\t\t\t<section class=\"elementor-section elementor-top-section elementor-element elementor-element-215c4e3 elementor-section-boxed elementor-section-height-default elementor-section-height-default\" data-id=\"215c4e3\" data-element_type=\"section\">\n\t\t\t\t\t\t<div class=\"elementor-container elementor-column-gap-default\">\n\t\t\t\t\t<div class=\"aux-parallax-section elementor-column elementor-col-100 elementor-top-column elementor-element elementor-element-b567d0f\" data-id=\"b567d0f\" data-element_type=\"column\">\n\t\t\t<div class=\"elementor-widget-wrap elementor-element-populated\">\n\t\t\t\t\t\t<div class=\"elementor-element elementor-element-75279d4 elementor-widget elementor-widget-text-editor\" data-id=\"75279d4\" data-element_type=\"widget\" data-widget_type=\"text-editor.default\">\n\t\t\t\t<div class=\"elementor-widget-container\">\n\t\t\t\t\t\t\t\t\t<p>Ein gro\u00dfes Angebot an Marmor-Splitten und Kieselsteinen (Trommelsteinen) in gro\u00dfen Farbvielfalt und mehrere K\u00f6rnungen f\u00fcr Bodenbedeckung und GaLa-Gestaltung (G\u00e4rten, Wege, Poolbereich, Gr\u00fcnd\u00e4cher).<\/p>\t\t\t\t\t\t\t\t<\/div>\n\t\t\t\t<\/div>\n\t\t\t\t\t<\/div>\n\t\t<\/div>\n\t\t\t\t\t<\/div>\n\t\t<\/section>\n\t\t\t\t<section class=\"elementor-section elementor-top-section elementor-element elementor-element-f31ea3d elementor-section-boxed elementor-section-height-default elementor-section-height-default\" data-id=\"f31ea3d\" data-element_type=\"section\">\n\t\t\t\t\t\t<div class=\"elementor-container elementor-column-gap-default\">\n\t\t\t\t\t<div class=\"aux-parallax-section elementor-column elementor-col-100 elementor-top-column elementor-element elementor-element-b2f852c\" data-id=\"b2f852c\" data-element_type=\"column\">\n\t\t\t<div class=\"elementor-widget-wrap elementor-element-populated\">\n\t\t\t\t\t\t<div class=\"elementor-element elementor-element-edde26c elementor-widget elementor-widget-text-editor\" data-id=\"edde26c\" data-element_type=\"widget\" data-widget_type=\"text-editor.default\">\n\t\t\t\t<div class=\"elementor-widget-container\">\n\t\t\t\t\t\t\t\t\t<p><div class=\"pt-cv-wrapper\"><div class=\"pt-cv-view pt-cv-grid pt-cv-colsys\" id=\"pt-cv-view-891cbc4n2h\"><div data-id=\"pt-cv-page-1\" class=\"pt-cv-page\" data-cvc=\"3\"><div class=\"col-md-4 col-sm-6 col-xs-12 pt-cv-content-item pt-cv-1-col\" ><div class='pt-cv-ifield'><a href=\"https:\/\/pangea.gr\/de\/splitte\/rosa-royal\/\" class=\"_self pt-cv-href-thumbnail pt-cv-thumb-default\" target=\"_self\" ><img fetchpriority=\"high\" decoding=\"async\" width=\"1000\" height=\"704\" src=\"https:\/\/pangea.gr\/wp-content\/uploads\/2022\/06\/2015_06_30_Pangea_Studio1680011111.jpg\" class=\"pt-cv-thumbnail\" alt=\"\" \/><\/a>\n<h4 class=\"pt-cv-title\"><a href=\"https:\/\/pangea.gr\/de\/splitte\/rosa-royal\/\" class=\"_self\" target=\"_self\" >Rosa Royal<\/a><\/h4><\/div><\/div>\n<div class=\"col-md-4 col-sm-6 col-xs-12 pt-cv-content-item pt-cv-1-col\" ><div class='pt-cv-ifield'><a href=\"https:\/\/pangea.gr\/de\/splitte\/verde-royal\/\" class=\"_self pt-cv-href-thumbnail pt-cv-thumb-default\" target=\"_self\" ><img decoding=\"async\" width=\"1024\" height=\"721\" src=\"https:\/\/pangea.gr\/wp-content\/uploads\/2022\/05\/2015_06_30_Pangea_Studio167992_1.jpg\" class=\"pt-cv-thumbnail\" alt=\"\" \/><\/a>\n<h4 class=\"pt-cv-title\"><a href=\"https:\/\/pangea.gr\/de\/splitte\/verde-royal\/\" class=\"_self\" target=\"_self\" >Verde Royal<\/a><\/h4><\/div><\/div>\n<div class=\"col-md-4 col-sm-6 col-xs-12 pt-cv-content-item pt-cv-1-col\" ><div class='pt-cv-ifield'><a href=\"https:\/\/pangea.gr\/de\/splitte\/flussstein\/\" class=\"_self pt-cv-href-thumbnail pt-cv-thumb-default\" target=\"_self\" ><img decoding=\"async\" width=\"1024\" height=\"721\" src=\"https:\/\/pangea.gr\/wp-content\/uploads\/2022\/05\/\u03a0\u03bf\u03c4\u03b1\u03bc\u03af\u03c3\u03b9\u03b1_1.jpg\" class=\"pt-cv-thumbnail\" alt=\"\" \/><\/a>\n<h4 class=\"pt-cv-title\"><a href=\"https:\/\/pangea.gr\/de\/splitte\/flussstein\/\" class=\"_self\" target=\"_self\" >Flussstein<\/a><\/h4><\/div><\/div>\n<div class=\"col-md-4 col-sm-6 col-xs-12 pt-cv-content-item pt-cv-1-col\" ><div class='pt-cv-ifield'><a href=\"https:\/\/pangea.gr\/de\/splitte\/onyx\/\" class=\"_self pt-cv-href-thumbnail pt-cv-thumb-default\" target=\"_self\" ><img loading=\"lazy\" decoding=\"async\" width=\"1024\" height=\"721\" src=\"https:\/\/pangea.gr\/wp-content\/uploads\/2022\/05\/2015_06_30_Pangea_Studio168000_1.jpg\" class=\"pt-cv-thumbnail\" alt=\"\" \/><\/a>\n<h4 class=\"pt-cv-title\"><a href=\"https:\/\/pangea.gr\/de\/splitte\/onyx\/\" class=\"_self\" target=\"_self\" >Onyx<\/a><\/h4><\/div><\/div>\n<div class=\"col-md-4 col-sm-6 col-xs-12 pt-cv-content-item pt-cv-1-col\" ><div class='pt-cv-ifield'><a href=\"https:\/\/pangea.gr\/de\/splitte\/schwarz\/\" class=\"_self pt-cv-href-thumbnail pt-cv-thumb-default\" target=\"_self\" ><img loading=\"lazy\" decoding=\"async\" width=\"1024\" height=\"721\" src=\"https:\/\/pangea.gr\/wp-content\/uploads\/2022\/05\/2015_06_30_Pangea_Studio167996_1.jpg\" class=\"pt-cv-thumbnail\" alt=\"\" \/><\/a>\n<h4 class=\"pt-cv-title\"><a href=\"https:\/\/pangea.gr\/de\/splitte\/schwarz\/\" class=\"_self\" target=\"_self\" >Schwarz<\/a><\/h4><\/div><\/div>\n<div class=\"col-md-4 col-sm-6 col-xs-12 pt-cv-content-item pt-cv-1-col\" ><div class='pt-cv-ifield'><a href=\"https:\/\/pangea.gr\/de\/splitte\/lava\/\" class=\"_self pt-cv-href-thumbnail pt-cv-thumb-default\" target=\"_self\" ><img loading=\"lazy\" decoding=\"async\" width=\"1024\" height=\"721\" src=\"https:\/\/pangea.gr\/wp-content\/uploads\/2022\/05\/\u039b\u03ac\u03b2\u03b1_1.jpg\" class=\"pt-cv-thumbnail\" alt=\"\" \/><\/a>\n<h4 class=\"pt-cv-title\"><a href=\"https:\/\/pangea.gr\/de\/splitte\/lava\/\" class=\"_self\" target=\"_self\" >Lava<\/a><\/h4><\/div><\/div>\n<div class=\"col-md-4 col-sm-6 col-xs-12 pt-cv-content-item pt-cv-1-col\" ><div class='pt-cv-ifield'><a href=\"https:\/\/pangea.gr\/de\/splitte\/rouge-royal\/\" class=\"_self pt-cv-href-thumbnail pt-cv-thumb-default\" target=\"_self\" ><img loading=\"lazy\" decoding=\"async\" width=\"1024\" height=\"721\" src=\"https:\/\/pangea.gr\/wp-content\/uploads\/2022\/05\/2015_06_30_Pangea_Studio167990_1.jpg\" class=\"pt-cv-thumbnail\" alt=\"\" \/><\/a>\n<h4 class=\"pt-cv-title\"><a href=\"https:\/\/pangea.gr\/de\/splitte\/rouge-royal\/\" class=\"_self\" target=\"_self\" >Rouge Royal<\/a><\/h4><\/div><\/div>\n<div class=\"col-md-4 col-sm-6 col-xs-12 pt-cv-content-item pt-cv-1-col\" ><div class='pt-cv-ifield'><a href=\"https:\/\/pangea.gr\/de\/splitte\/coral\/\" class=\"_self pt-cv-href-thumbnail pt-cv-thumb-default\" target=\"_self\" ><img loading=\"lazy\" decoding=\"async\" width=\"1024\" height=\"721\" src=\"https:\/\/pangea.gr\/wp-content\/uploads\/2022\/05\/2015_06_30_Pangea_Studio167998_1-1.jpg\" class=\"pt-cv-thumbnail\" alt=\"\" \/><\/a>\n<h4 class=\"pt-cv-title\"><a href=\"https:\/\/pangea.gr\/de\/splitte\/coral\/\" class=\"_self\" target=\"_self\" >Coral<\/a><\/h4><\/div><\/div>\n<div class=\"col-md-4 col-sm-6 col-xs-12 pt-cv-content-item pt-cv-1-col\" ><div class='pt-cv-ifield'><a href=\"https:\/\/pangea.gr\/de\/splitte\/thassos-weiss\/\" class=\"_self pt-cv-href-thumbnail pt-cv-thumb-default\" target=\"_self\" ><img loading=\"lazy\" decoding=\"async\" width=\"1024\" height=\"721\" src=\"https:\/\/pangea.gr\/wp-content\/uploads\/2022\/05\/2015_06_30_Pangea_Studio167999_1.jpg\" class=\"pt-cv-thumbnail\" alt=\"\" \/><\/a>\n<h4 class=\"pt-cv-title\"><a href=\"https:\/\/pangea.gr\/de\/splitte\/thassos-weiss\/\" class=\"_self\" target=\"_self\" >Thassos wei\u00df<\/a><\/h4><\/div><\/div>\n<div class=\"col-md-4 col-sm-6 col-xs-12 pt-cv-content-item pt-cv-1-col\" ><div class='pt-cv-ifield'><a href=\"https:\/\/pangea.gr\/de\/splitte\/bimsstein\/\" class=\"_self pt-cv-href-thumbnail pt-cv-thumb-default\" target=\"_self\" ><img loading=\"lazy\" decoding=\"async\" width=\"1024\" height=\"721\" src=\"https:\/\/pangea.gr\/wp-content\/uploads\/2022\/06\/\u03a8\u03b7\u03c6\u03af\u03b4\u03b1-\u0395\u03bb\u03b1\u03c6\u03c1\u03cc\u03c0\u03b5\u03c4\u03c1\u03b1.jpg\" class=\"pt-cv-thumbnail\" alt=\"\" \/><\/a>\n<h4 class=\"pt-cv-title\"><a href=\"https:\/\/pangea.gr\/de\/splitte\/bimsstein\/\" class=\"_self\" target=\"_self\" >Bimsstein<\/a><\/h4><\/div><\/div>\n<div class=\"col-md-4 col-sm-6 col-xs-12 pt-cv-content-item pt-cv-1-col\" ><div class='pt-cv-ifield'><a href=\"https:\/\/pangea.gr\/de\/splitte\/weiss\/\" class=\"_self pt-cv-href-thumbnail pt-cv-thumb-default\" target=\"_self\" ><img loading=\"lazy\" decoding=\"async\" width=\"1024\" height=\"721\" src=\"https:\/\/pangea.gr\/wp-content\/uploads\/2022\/05\/2015_06_30_Pangea_Studio167993_1.jpg\" class=\"pt-cv-thumbnail\" alt=\"\" \/><\/a>\n<h4 class=\"pt-cv-title\"><a href=\"https:\/\/pangea.gr\/de\/splitte\/weiss\/\" class=\"_self\" target=\"_self\" >Wei\u00df<\/a><\/h4><\/div><\/div>\n<div class=\"col-md-4 col-sm-6 col-xs-12 pt-cv-content-item pt-cv-1-col\" ><div class='pt-cv-ifield'><a href=\"https:\/\/pangea.gr\/de\/splitte\/black-pearl\/\" class=\"_self pt-cv-href-thumbnail pt-cv-thumb-default\" target=\"_self\" ><img loading=\"lazy\" decoding=\"async\" width=\"1024\" height=\"721\" src=\"https:\/\/pangea.gr\/wp-content\/uploads\/2022\/06\/\u03a8\u03b7\u03c6\u03af\u03b4\u03b1-Black-Pearl.jpg\" class=\"pt-cv-thumbnail\" alt=\"\" \/><\/a>\n<h4 class=\"pt-cv-title\"><a href=\"https:\/\/pangea.gr\/de\/splitte\/black-pearl\/\" class=\"_self\" target=\"_self\" >Black Pearl<\/a><\/h4><\/div><\/div>\n<div class=\"col-md-4 col-sm-6 col-xs-12 pt-cv-content-item pt-cv-1-col\" ><div class='pt-cv-ifield'><a href=\"https:\/\/pangea.gr\/de\/splitte\/metal-silk\/\" class=\"_self pt-cv-href-thumbnail pt-cv-thumb-default\" target=\"_self\" ><img loading=\"lazy\" decoding=\"async\" width=\"1024\" height=\"721\" src=\"https:\/\/pangea.gr\/wp-content\/uploads\/2022\/06\/\u03a8\u03b7\u03c6\u03af\u03b4\u03b1-Metal-Silk.jpg\" class=\"pt-cv-thumbnail\" alt=\"\" \/><\/a>\n<h4 class=\"pt-cv-title\"><a href=\"https:\/\/pangea.gr\/de\/splitte\/metal-silk\/\" class=\"_self\" target=\"_self\" >Metal Silk<\/a><\/h4><\/div><\/div>\n<div class=\"col-md-4 col-sm-6 col-xs-12 pt-cv-content-item pt-cv-1-col\" ><div class='pt-cv-ifield'><a href=\"https:\/\/pangea.gr\/de\/splitte\/blaues-glas\/\" class=\"_self pt-cv-href-thumbnail pt-cv-thumb-default\" target=\"_self\" ><img loading=\"lazy\" decoding=\"async\" width=\"1024\" height=\"721\" src=\"https:\/\/pangea.gr\/wp-content\/uploads\/2022\/05\/2015_06_30_Pangea_Studio167987_1.jpg\" class=\"pt-cv-thumbnail\" alt=\"\" \/><\/a>\n<h4 class=\"pt-cv-title\"><a href=\"https:\/\/pangea.gr\/de\/splitte\/blaues-glas\/\" class=\"_self\" target=\"_self\" >Blaues Glas<\/a><\/h4><\/div><\/div>\n<div class=\"col-md-4 col-sm-6 col-xs-12 pt-cv-content-item pt-cv-1-col\" ><div class='pt-cv-ifield'><a href=\"https:\/\/pangea.gr\/de\/splitte\/gruenes-glas\/\" class=\"_self pt-cv-href-thumbnail pt-cv-thumb-default\" target=\"_self\" ><img loading=\"lazy\" decoding=\"async\" width=\"1024\" height=\"721\" src=\"https:\/\/pangea.gr\/wp-content\/uploads\/2022\/05\/2015_06_30_Pangea_Studio167983_1.jpg\" class=\"pt-cv-thumbnail\" alt=\"\" \/><\/a>\n<h4 class=\"pt-cv-title\"><a href=\"https:\/\/pangea.gr\/de\/splitte\/gruenes-glas\/\" class=\"_self\" target=\"_self\" >Gr\u00fcnes Glas<\/a><\/h4><\/div><\/div>\n<div class=\"col-md-4 col-sm-6 col-xs-12 pt-cv-content-item pt-cv-1-col\" ><div class='pt-cv-ifield'><a href=\"https:\/\/pangea.gr\/de\/splitte\/tuerkisglas\/\" class=\"_self pt-cv-href-thumbnail pt-cv-thumb-default\" target=\"_self\" ><img loading=\"lazy\" decoding=\"async\" width=\"1024\" height=\"721\" src=\"https:\/\/pangea.gr\/wp-content\/uploads\/2022\/05\/2015_06_30_Pangea_Studio167985_1.jpg\" class=\"pt-cv-thumbnail\" alt=\"\" \/><\/a>\n<h4 class=\"pt-cv-title\"><a href=\"https:\/\/pangea.gr\/de\/splitte\/tuerkisglas\/\" class=\"_self\" target=\"_self\" >T\u00fcrkisglas<\/a><\/h4><\/div><\/div><\/div><\/div><\/div><\/p>\n\t\t\t\t\t\t\t\t<\/div>\n\t\t\t\t<\/div>\n\t\t\t\t\t<\/div>\n\t\t<\/div>\n\t\t\t\t\t<\/div>\n\t\t<\/section>\n\t\t\t\t<\/div>\n\t\t","protected":false},"excerpt":{"rendered":"<p>SPLITTE Ein gro\u00dfes Angebot an Marmor-Splitten und Kieselsteinen (Trommelsteinen) in gro\u00dfen Farbvielfalt und mehrere K\u00f6rnungen f\u00fcr Bodenbedeckung und GaLa-Gestaltung (G\u00e4rten, Wege, Poolbereich, Gr\u00fcnd\u00e4cher).<\/p>\n","protected":false},"author":1,"featured_media":11892,"parent":0,"menu_order":0,"comment_status":"closed","ping_status":"closed","template":"","meta":{"footnotes":""},"class_list":["post-13287","page","type-page","status-publish","has-post-thumbnail","hentry"],"yoast_head":"<!-- This site is optimized with the Yoast SEO plugin v26.1 - https:\/\/yoast.com\/wordpress\/plugins\/seo\/ -->\n<title>Splitte | Rahmen und Mosaiksteine | Natursteine PANGEA<\/title>\n<meta name=\"robots\" content=\"index, follow, max-snippet:-1, max-image-preview:large, max-video-preview:-1\" \/>\n<link rel=\"canonical\" href=\"https:\/\/pangea.gr\/de\/splitte\/\" \/>\n<meta property=\"og:locale\" content=\"de_DE\" \/>\n<meta property=\"og:type\" content=\"article\" \/>\n<meta property=\"og:title\" content=\"Splitte | Rahmen und Mosaiksteine | Natursteine PANGEA\" \/>\n<meta property=\"og:description\" content=\"SPLITTE Ein gro\u00dfes Angebot an Marmor-Splitten und Kieselsteinen (Trommelsteinen) in gro\u00dfen Farbvielfalt und mehrere K\u00f6rnungen f\u00fcr Bodenbedeckung und GaLa-Gestaltung (G\u00e4rten, Wege, Poolbereich, Gr\u00fcnd\u00e4cher).\" \/>\n<meta property=\"og:url\" content=\"https:\/\/pangea.gr\/de\/splitte\/\" \/>\n<meta property=\"og:site_name\" content=\"\u03a6\u03c5\u03c3\u03b9\u03ba\u03ac \u03a0\u03b5\u03c4\u03c1\u03ce\u03bc\u03b1\u03c4\u03b1 PANGEA\" \/>\n<meta property=\"article:modified_time\" content=\"2025-05-02T13:26:21+00:00\" \/>\n<meta property=\"og:image\" content=\"https:\/\/pangea.gr\/wp-content\/uploads\/2022\/05\/\u03a0\u03bf\u03c1\u03c6\u03cd\u03c1\u03b7\u03c2_1.jpg\" \/>\n\t<meta property=\"og:image:width\" content=\"1024\" \/>\n\t<meta property=\"og:image:height\" content=\"1024\" \/>\n\t<meta property=\"og:image:type\" content=\"image\/jpeg\" \/>\n<meta name=\"twitter:card\" content=\"summary_large_image\" \/>\n<meta name=\"twitter:label1\" content=\"Gesch\u00e4tzte Lesezeit\" \/>\n\t<meta name=\"twitter:data1\" content=\"4\u00a0Minuten\" \/>\n<script type=\"application\/ld+json\" class=\"yoast-schema-graph\">{\"@context\":\"https:\/\/schema.org\",\"@graph\":[{\"@type\":\"WebPage\",\"@id\":\"https:\/\/pangea.gr\/de\/splitte\/\",\"url\":\"https:\/\/pangea.gr\/de\/splitte\/\",\"name\":\"Splitte | Rahmen und Mosaiksteine | Natursteine PANGEA\",\"isPartOf\":{\"@id\":\"https:\/\/pangea.gr\/de\/#website\"},\"primaryImageOfPage\":{\"@id\":\"https:\/\/pangea.gr\/de\/splitte\/#primaryimage\"},\"image\":{\"@id\":\"https:\/\/pangea.gr\/de\/splitte\/#primaryimage\"},\"thumbnailUrl\":\"https:\/\/pangea.gr\/wp-content\/uploads\/2022\/05\/\u03a0\u03bf\u03c1\u03c6\u03cd\u03c1\u03b7\u03c2_1.jpg\",\"datePublished\":\"2022-05-13T12:29:07+00:00\",\"dateModified\":\"2025-05-02T13:26:21+00:00\",\"breadcrumb\":{\"@id\":\"https:\/\/pangea.gr\/de\/splitte\/#breadcrumb\"},\"inLanguage\":\"de\",\"potentialAction\":[{\"@type\":\"ReadAction\",\"target\":[\"https:\/\/pangea.gr\/de\/splitte\/\"]}]},{\"@type\":\"ImageObject\",\"inLanguage\":\"de\",\"@id\":\"https:\/\/pangea.gr\/de\/splitte\/#primaryimage\",\"url\":\"https:\/\/pangea.gr\/wp-content\/uploads\/2022\/05\/\u03a0\u03bf\u03c1\u03c6\u03cd\u03c1\u03b7\u03c2_1.jpg\",\"contentUrl\":\"https:\/\/pangea.gr\/wp-content\/uploads\/2022\/05\/\u03a0\u03bf\u03c1\u03c6\u03cd\u03c1\u03b7\u03c2_1.jpg\",\"width\":1024,\"height\":1024,\"caption\":\"\u03a0\u03bf\u03c1\u03c6\u03cd\u03c1\u03b7\u03c2\"},{\"@type\":\"BreadcrumbList\",\"@id\":\"https:\/\/pangea.gr\/de\/splitte\/#breadcrumb\",\"itemListElement\":[{\"@type\":\"ListItem\",\"position\":1,\"name\":\"\u0391\u03c1\u03c7\u03b9\u03ba\u03ae\",\"item\":\"https:\/\/pangea.gr\/de\/\"},{\"@type\":\"ListItem\",\"position\":2,\"name\":\"Splitte\"}]},{\"@type\":\"WebSite\",\"@id\":\"https:\/\/pangea.gr\/de\/#website\",\"url\":\"https:\/\/pangea.gr\/de\/\",\"name\":\"\u03a6\u03c5\u03c3\u03b9\u03ba\u03ac \u03a0\u03b5\u03c4\u03c1\u03ce\u03bc\u03b1\u03c4\u03b1 PANGEA\",\"description\":\"\u039f \u03c5\u03c0\u03ad\u03c1\u03bf\u03c7\u03bf\u03c2 \u03ba\u03cc\u03c3\u03bc\u03bf\u03c2 \u03c4\u03b7\u03c2 \u03a6\u03c5\u03c3\u03b9\u03ba\u03ae\u03c2 \u03a0\u03ad\u03c4\u03c1\u03b1\u03c2\",\"potentialAction\":[{\"@type\":\"SearchAction\",\"target\":{\"@type\":\"EntryPoint\",\"urlTemplate\":\"https:\/\/pangea.gr\/de\/?s={search_term_string}\"},\"query-input\":{\"@type\":\"PropertyValueSpecification\",\"valueRequired\":true,\"valueName\":\"search_term_string\"}}],\"inLanguage\":\"de\"}]}<\/script>\n<!-- \/ Yoast SEO plugin. -->","yoast_head_json":{"title":"Splitte | Rahmen und Mosaiksteine | Natursteine PANGEA","robots":{"index":"index","follow":"follow","max-snippet":"max-snippet:-1","max-image-preview":"max-image-preview:large","max-video-preview":"max-video-preview:-1"},"canonical":"https:\/\/pangea.gr\/de\/splitte\/","og_locale":"de_DE","og_type":"article","og_title":"Splitte | Rahmen und Mosaiksteine | Natursteine PANGEA","og_description":"SPLITTE Ein gro\u00dfes Angebot an Marmor-Splitten und Kieselsteinen (Trommelsteinen) in gro\u00dfen Farbvielfalt und mehrere K\u00f6rnungen f\u00fcr Bodenbedeckung und GaLa-Gestaltung (G\u00e4rten, Wege, Poolbereich, Gr\u00fcnd\u00e4cher).","og_url":"https:\/\/pangea.gr\/de\/splitte\/","og_site_name":"\u03a6\u03c5\u03c3\u03b9\u03ba\u03ac \u03a0\u03b5\u03c4\u03c1\u03ce\u03bc\u03b1\u03c4\u03b1 PANGEA","article_modified_time":"2025-05-02T13:26:21+00:00","og_image":[{"width":1024,"height":1024,"url":"https:\/\/pangea.gr\/wp-content\/uploads\/2022\/05\/\u03a0\u03bf\u03c1\u03c6\u03cd\u03c1\u03b7\u03c2_1.jpg","type":"image\/jpeg"}],"twitter_card":"summary_large_image","twitter_misc":{"Gesch\u00e4tzte Lesezeit":"4\u00a0Minuten"},"schema":{"@context":"https:\/\/schema.org","@graph":[{"@type":"WebPage","@id":"https:\/\/pangea.gr\/de\/splitte\/","url":"https:\/\/pangea.gr\/de\/splitte\/","name":"Splitte | Rahmen und Mosaiksteine | Natursteine PANGEA","isPartOf":{"@id":"https:\/\/pangea.gr\/de\/#website"},"primaryImageOfPage":{"@id":"https:\/\/pangea.gr\/de\/splitte\/#primaryimage"},"image":{"@id":"https:\/\/pangea.gr\/de\/splitte\/#primaryimage"},"thumbnailUrl":"https:\/\/pangea.gr\/wp-content\/uploads\/2022\/05\/\u03a0\u03bf\u03c1\u03c6\u03cd\u03c1\u03b7\u03c2_1.jpg","datePublished":"2022-05-13T12:29:07+00:00","dateModified":"2025-05-02T13:26:21+00:00","breadcrumb":{"@id":"https:\/\/pangea.gr\/de\/splitte\/#breadcrumb"},"inLanguage":"de","potentialAction":[{"@type":"ReadAction","target":["https:\/\/pangea.gr\/de\/splitte\/"]}]},{"@type":"ImageObject","inLanguage":"de","@id":"https:\/\/pangea.gr\/de\/splitte\/#primaryimage","url":"https:\/\/pangea.gr\/wp-content\/uploads\/2022\/05\/\u03a0\u03bf\u03c1\u03c6\u03cd\u03c1\u03b7\u03c2_1.jpg","contentUrl":"https:\/\/pangea.gr\/wp-content\/uploads\/2022\/05\/\u03a0\u03bf\u03c1\u03c6\u03cd\u03c1\u03b7\u03c2_1.jpg","width":1024,"height":1024,"caption":"\u03a0\u03bf\u03c1\u03c6\u03cd\u03c1\u03b7\u03c2"},{"@type":"BreadcrumbList","@id":"https:\/\/pangea.gr\/de\/splitte\/#breadcrumb","itemListElement":[{"@type":"ListItem","position":1,"name":"\u0391\u03c1\u03c7\u03b9\u03ba\u03ae","item":"https:\/\/pangea.gr\/de\/"},{"@type":"ListItem","position":2,"name":"Splitte"}]},{"@type":"WebSite","@id":"https:\/\/pangea.gr\/de\/#website","url":"https:\/\/pangea.gr\/de\/","name":"\u03a6\u03c5\u03c3\u03b9\u03ba\u03ac \u03a0\u03b5\u03c4\u03c1\u03ce\u03bc\u03b1\u03c4\u03b1 PANGEA","description":"\u039f \u03c5\u03c0\u03ad\u03c1\u03bf\u03c7\u03bf\u03c2 \u03ba\u03cc\u03c3\u03bc\u03bf\u03c2 \u03c4\u03b7\u03c2 \u03a6\u03c5\u03c3\u03b9\u03ba\u03ae\u03c2 \u03a0\u03ad\u03c4\u03c1\u03b1\u03c2","potentialAction":[{"@type":"SearchAction","target":{"@type":"EntryPoint","urlTemplate":"https:\/\/pangea.gr\/de\/?s={search_term_string}"},"query-input":{"@type":"PropertyValueSpecification","valueRequired":true,"valueName":"search_term_string"}}],"inLanguage":"de"}]}},"_links":{"self":[{"href":"https:\/\/pangea.gr\/de\/wp-json\/wp\/v2\/pages\/13287","targetHints":{"allow":["GET"]}}],"collection":[{"href":"https:\/\/pangea.gr\/de\/wp-json\/wp\/v2\/pages"}],"about":[{"href":"https:\/\/pangea.gr\/de\/wp-json\/wp\/v2\/types\/page"}],"author":[{"embeddable":true,"href":"https:\/\/pangea.gr\/de\/wp-json\/wp\/v2\/users\/1"}],"replies":[{"embeddable":true,"href":"https:\/\/pangea.gr\/de\/wp-json\/wp\/v2\/comments?post=13287"}],"version-history":[{"count":8,"href":"https:\/\/pangea.gr\/de\/wp-json\/wp\/v2\/pages\/13287\/revisions"}],"predecessor-version":[{"id":13897,"href":"https:\/\/pangea.gr\/de\/wp-json\/wp\/v2\/pages\/13287\/revisions\/13897"}],"wp:featuredmedia":[{"embeddable":true,"href":"https:\/\/pangea.gr\/de\/wp-json\/wp\/v2\/media\/11892"}],"wp:attachment":[{"href":"https:\/\/pangea.gr\/de\/wp-json\/wp\/v2\/media?parent=13287"}],"curies":[{"name":"wp","href":"https:\/\/api.w.org\/{rel}","templated":true}]}}