{"id":12924,"date":"2022-06-02T12:37:59","date_gmt":"2022-06-02T09:37:59","guid":{"rendered":"https:\/\/pangea.gr\/wandverkleidungen\/flexible-platten\/stahlgrau\/"},"modified":"2026-01-23T18:11:19","modified_gmt":"2026-01-23T15:11:19","slug":"stahlgrau","status":"publish","type":"page","link":"https:\/\/pangea.gr\/de\/verblender\/duenne-steinfurniere\/stahlgrau\/","title":{"rendered":"Stahlgrau"},"content":{"rendered":"\t\t<div data-elementor-type=\"wp-post\" data-elementor-id=\"12924\" class=\"elementor elementor-12924 elementor-5167\" data-elementor-post-type=\"page\">\n\t\t\t\t\t\t<section class=\"elementor-section elementor-top-section elementor-element elementor-element-7f1d64d elementor-section-boxed elementor-section-height-default elementor-section-height-default\" data-id=\"7f1d64d\" data-element_type=\"section\">\n\t\t\t\t\t\t<div class=\"elementor-container elementor-column-gap-default\">\n\t\t\t\t\t<div class=\"aux-parallax-section elementor-column elementor-col-100 elementor-top-column elementor-element elementor-element-1b9d62b\" data-id=\"1b9d62b\" data-element_type=\"column\">\n\t\t\t<div class=\"elementor-widget-wrap elementor-element-populated\">\n\t\t\t\t\t\t<div class=\"elementor-element elementor-element-a80b1b2 elementor-align-left elementor-widget elementor-widget-breadcrumbs\" data-id=\"a80b1b2\" data-element_type=\"widget\" data-widget_type=\"breadcrumbs.default\">\n\t\t\t\t<div class=\"elementor-widget-container\">\n\t\t\t\t\t<p id=\"breadcrumbs\"><span><span><a href=\"https:\/\/pangea.gr\/de\/\">\u0391\u03c1\u03c7\u03b9\u03ba\u03ae<\/a><\/span><\/span><\/p>\t\t\t\t<\/div>\n\t\t\t\t<\/div>\n\t\t\t\t\t<\/div>\n\t\t<\/div>\n\t\t\t\t\t<\/div>\n\t\t<\/section>\n\t\t\t\t<section class=\"elementor-section elementor-top-section elementor-element elementor-element-d38f780 elementor-reverse-tablet elementor-reverse-mobile elementor-section-boxed elementor-section-height-default elementor-section-height-default\" data-id=\"d38f780\" data-element_type=\"section\">\n\t\t\t\t\t\t<div class=\"elementor-container elementor-column-gap-default\">\n\t\t\t\t\t<div class=\"aux-parallax-section elementor-column elementor-col-33 elementor-top-column elementor-element elementor-element-bb95503\" data-id=\"bb95503\" data-element_type=\"column\">\n\t\t\t<div class=\"elementor-widget-wrap elementor-element-populated\">\n\t\t\t\t\t\t<div class=\"elementor-element elementor-element-6d8ad06 elementor-widget elementor-widget-image\" data-id=\"6d8ad06\" data-element_type=\"widget\" data-widget_type=\"image.default\">\n\t\t\t\t<div class=\"elementor-widget-container\">\n\t\t\t\t\t\t\t\t\t\t\t\t\t\t\t\t<a href=\"https:\/\/pangea.gr\/wp-content\/uploads\/2022\/06\/Steel-Grey.jpg\" data-elementor-open-lightbox=\"yes\" data-elementor-lightbox-title=\"Steel-Grey\" data-elementor-lightbox-description=\"Steel-Grey\" data-e-action-hash=\"#elementor-action%3Aaction%3Dlightbox%26settings%3DeyJpZCI6MTI5MjUsInVybCI6Imh0dHBzOlwvXC9wYW5nZWEuZ3JcL3dwLWNvbnRlbnRcL3VwbG9hZHNcLzIwMjJcLzA2XC9TdGVlbC1HcmV5LmpwZyJ9\">\n\t\t\t\t\t\t\t<img fetchpriority=\"high\" decoding=\"async\" width=\"1024\" height=\"700\" src=\"https:\/\/pangea.gr\/wp-content\/uploads\/2022\/06\/Steel-Grey.jpg\" class=\"attachment-large size-large wp-image-12925\" alt=\"\" \/>\t\t\t\t\t\t\t\t<\/a>\n\t\t\t\t\t\t\t\t\t\t\t\t\t\t\t<\/div>\n\t\t\t\t<\/div>\n\t\t\t\t\t<\/div>\n\t\t<\/div>\n\t\t\t\t<div class=\"aux-parallax-section elementor-column elementor-col-33 elementor-top-column elementor-element elementor-element-08ec10c\" data-id=\"08ec10c\" data-element_type=\"column\">\n\t\t\t<div class=\"elementor-widget-wrap elementor-element-populated\">\n\t\t\t\t\t\t<div class=\"elementor-element elementor-element-5b22e14 elementor-widget elementor-widget-aux_modern_heading\" data-id=\"5b22e14\" data-element_type=\"widget\" data-widget_type=\"aux_modern_heading.default\">\n\t\t\t\t<div class=\"elementor-widget-container\">\n\t\t\t\t\t<section class=\"aux-widget-modern-heading\">\n            <div class=\"aux-widget-inner\"><h2 class=\"aux-modern-heading-primary\">Auswahlen \u2013 Abmessungen \u2013 Verpackung<\/h2><div class=\"aux-modern-heading-divider\"><\/div><\/div>\n        <\/section>\t\t\t\t<\/div>\n\t\t\t\t<\/div>\n\t\t\t\t<div class=\"elementor-element elementor-element-985c795 elementor-hidden-desktop elementor-hidden-tablet elementor-hidden-mobile elementor-widget elementor-widget-text-editor\" data-id=\"985c795\" data-element_type=\"widget\" data-widget_type=\"text-editor.default\">\n\t\t\t\t<div class=\"elementor-widget-container\">\n\t\t\t\t\t\t\t\t\t<p>Flexibles Steinblatt mit einer Dicke von nur 3 mm, mit dem jede Innenfl\u00e4che wie W\u00e4nde, T\u00fcren, Schr\u00e4nke sowie Badezimmer, WC, Spa beschichtet werden kann. Die gro\u00dfe Dimension sowie die Elastizit\u00e4t der Bl\u00e4tter erm\u00f6glichen einzigartige Anwendungen, selbst auf gew\u00f6lbten Oberfl\u00e4chen.<\/p><p>Abmessungen 61&#215;122 cm Dicke 3mm<\/p>\t\t\t\t\t\t\t\t<\/div>\n\t\t\t\t<\/div>\n\t\t\t\t<div class=\"elementor-element elementor-element-50a2553 elementor-widget elementor-widget-text-editor\" data-id=\"50a2553\" data-element_type=\"widget\" data-widget_type=\"text-editor.default\">\n\t\t\t\t<div class=\"elementor-widget-container\">\n\t\t\t\t\t\t\t\t\t<p><strong>FLEXIBLE STEINPLATTEN<\/strong><br \/>Abmessungen: 61 \u00d7 122 cm | St\u00e4rke: 1-3 mm<br \/>Flexible Naturstein-Furniere zur Verkleidung jeder Innenfl\u00e4che: W\u00e4nde, S\u00e4ulen, Kamine, T\u00fcren, Schr\u00e4nke, M\u00f6bel sowie Badezimmer, WC und Spa-Bereiche. Ihre Flexibilit\u00e4t erm\u00f6glicht die Anwendung auch auf gew\u00f6lbten Oberfl\u00e4chen.<br \/>Geeignet f\u00fcr Innenr\u00e4ume oder \u00fcberdachte Bereiche. Einfache Anwendung mit dauerhaftem Ergebnis.<\/p>\t\t\t\t\t\t\t\t<\/div>\n\t\t\t\t<\/div>\n\t\t\t\t<div class=\"elementor-element elementor-element-c41d25f elementor-widget elementor-widget-accordion\" data-id=\"c41d25f\" data-element_type=\"widget\" data-widget_type=\"accordion.default\">\n\t\t\t\t<div class=\"elementor-widget-container\">\n\t\t\t\t\t\t\t<div class=\"elementor-accordion\">\n\t\t\t\t\t\t\t<div class=\"elementor-accordion-item\">\n\t\t\t\t\t<div id=\"elementor-tab-title-2051\" class=\"elementor-tab-title\" data-tab=\"1\" role=\"button\" aria-controls=\"elementor-tab-content-2051\" aria-expanded=\"false\">\n\t\t\t\t\t\t\t\t\t\t\t\t\t<span class=\"elementor-accordion-icon elementor-accordion-icon-left\" aria-hidden=\"true\">\n\t\t\t\t\t\t\t\t\t\t\t\t\t\t\t<span class=\"elementor-accordion-icon-closed\"><i class=\"fas fa-plus\"><\/i><\/span>\n\t\t\t\t\t\t\t\t<span class=\"elementor-accordion-icon-opened\"><i class=\"fas fa-minus\"><\/i><\/span>\n\t\t\t\t\t\t\t\t\t\t\t\t\t\t<\/span>\n\t\t\t\t\t\t\t\t\t\t\t\t<a class=\"elementor-accordion-title\" tabindex=\"0\">FRAGEN SIE NACH DEM PRODUKT<\/a>\n\t\t\t\t\t<\/div>\n\t\t\t\t\t<div id=\"elementor-tab-content-2051\" class=\"elementor-tab-content elementor-clearfix\" data-tab=\"1\" role=\"region\" aria-labelledby=\"elementor-tab-title-2051\"><p>\n            \n<div class=\"wpcf7 no-js\" id=\"wpcf7-f11962-p12924-o1\" lang=\"de-DE\" dir=\"ltr\" data-wpcf7-id=\"11962\">\n<div class=\"screen-reader-response\"><p role=\"status\" aria-live=\"polite\" aria-atomic=\"true\"><\/p> <ul><\/ul><\/div>\n<form action=\"\/de\/verblender\/duenne-steinfurniere\/stahlgrau\/#wpcf7-f11962-p12924-o1\" method=\"post\" class=\"wpcf7-form init\" aria-label=\"Kontaktformular\" novalidate=\"novalidate\" data-status=\"init\">\n<fieldset class=\"hidden-fields-container\"><input type=\"hidden\" name=\"_wpcf7\" value=\"11962\" \/><input type=\"hidden\" name=\"_wpcf7_version\" value=\"6.1.2\" \/><input type=\"hidden\" name=\"_wpcf7_locale\" value=\"de_DE\" \/><input type=\"hidden\" name=\"_wpcf7_unit_tag\" value=\"wpcf7-f11962-p12924-o1\" \/><input type=\"hidden\" name=\"_wpcf7_container_post\" value=\"12924\" \/><input type=\"hidden\" name=\"_wpcf7_posted_data_hash\" value=\"\" \/>\n<\/fieldset>\n<div style=\"display:none;\">\n\t<p><label> Frage zum Produkt<br \/>\n<span class=\"wpcf7-form-control-wrap\" data-name=\"product-name\"><input size=\"40\" maxlength=\"400\" class=\"wpcf7-form-control wpcf7-text wpcf7-validates-as-required\" aria-required=\"true\" aria-invalid=\"false\" value=\"\" type=\"text\" name=\"product-name\" \/><\/span> <\/label><br \/>\n<script>jQuery(\".wpcf7-form-control-wrap [name='product-name']\").val(\"Stahlgrau - https:\/\/pangea.gr\/de\/?post_type=page&p=12924\");<\/script>\n\t<\/p>\n<\/div>\n<p><label> Ihr Name<br \/>\n<span class=\"wpcf7-form-control-wrap\" data-name=\"your-name\"><input size=\"40\" maxlength=\"400\" class=\"wpcf7-form-control wpcf7-text wpcf7-validates-as-required\" aria-required=\"true\" aria-invalid=\"false\" value=\"\" type=\"text\" name=\"your-name\" \/><\/span> <\/label>\n<\/p>\n<p><label> Ihre E-Mail<br \/>\n<span class=\"wpcf7-form-control-wrap\" data-name=\"your-email\"><input size=\"40\" maxlength=\"400\" class=\"wpcf7-form-control wpcf7-email wpcf7-validates-as-required wpcf7-text wpcf7-validates-as-email\" aria-required=\"true\" aria-invalid=\"false\" value=\"\" type=\"email\" name=\"your-email\" \/><\/span> <\/label>\n<\/p>\n<p><label> Telefonnummer<br \/>\n<span class=\"wpcf7-form-control-wrap\" data-name=\"your-subject\"><input size=\"40\" maxlength=\"400\" class=\"wpcf7-form-control wpcf7-text wpcf7-validates-as-required\" aria-required=\"true\" aria-invalid=\"false\" value=\"\" type=\"text\" name=\"your-subject\" \/><\/span> <\/label>\n<\/p>\n<p><label> Ihre Nachricht (optional)<br \/>\n<span class=\"wpcf7-form-control-wrap\" data-name=\"your-message\"><textarea cols=\"40\" rows=\"10\" maxlength=\"2000\" class=\"wpcf7-form-control wpcf7-textarea\" aria-invalid=\"false\" name=\"your-message\"><\/textarea><\/span> <\/label>\n<\/p>\n<p><input class=\"wpcf7-form-control wpcf7-submit has-spinner\" type=\"submit\" value=\"Absenden\" \/>\n<\/p><div class=\"wpcf7-response-output\" aria-hidden=\"true\"><\/div>\n<\/form>\n<\/div>\n\n          <\/p>\n<\/div>\n\t\t\t\t<\/div>\n\t\t\t\t\t\t\t\t<\/div>\n\t\t\t\t\t\t<\/div>\n\t\t\t\t<\/div>\n\t\t\t\t\t<\/div>\n\t\t<\/div>\n\t\t\t\t<div class=\"aux-parallax-section elementor-column elementor-col-33 elementor-top-column elementor-element elementor-element-6e5de3b\" data-id=\"6e5de3b\" data-element_type=\"column\">\n\t\t\t<div class=\"elementor-widget-wrap elementor-element-populated\">\n\t\t\t\t\t\t<div class=\"elementor-element elementor-element-e758660 elementor-widget elementor-widget-aux_modern_heading\" data-id=\"e758660\" data-element_type=\"widget\" data-widget_type=\"aux_modern_heading.default\">\n\t\t\t\t<div class=\"elementor-widget-container\">\n\t\t\t\t\t<section class=\"aux-widget-modern-heading\">\n            <div class=\"aux-widget-inner\"><h1 class=\"aux-modern-heading-primary\">Stahlgrau<\/h1><div class=\"aux-modern-heading-divider\"><\/div><\/div>\n        <\/section>\t\t\t\t<\/div>\n\t\t\t\t<\/div>\n\t\t\t\t\t<\/div>\n\t\t<\/div>\n\t\t\t\t\t<\/div>\n\t\t<\/section>\n\t\t\t\t<section class=\"elementor-section elementor-top-section elementor-element elementor-element-ead9a3d elementor-section-height-min-height elementor-section-boxed elementor-section-height-default elementor-section-items-middle\" data-id=\"ead9a3d\" data-element_type=\"section\" data-settings=\"{&quot;background_background&quot;:&quot;classic&quot;}\">\n\t\t\t\t\t\t<div class=\"elementor-container elementor-column-gap-wide\">\n\t\t\t\t\t<div class=\"aux-parallax-section elementor-column elementor-col-50 elementor-top-column elementor-element elementor-element-3156b66\" data-id=\"3156b66\" data-element_type=\"column\">\n\t\t\t<div class=\"elementor-widget-wrap elementor-element-populated\">\n\t\t\t\t\t\t<div class=\"elementor-element elementor-element-a3e053b elementor-widget elementor-widget-aux_modern_heading\" data-id=\"a3e053b\" data-element_type=\"widget\" data-widget_type=\"aux_modern_heading.default\">\n\t\t\t\t<div class=\"elementor-widget-container\">\n\t\t\t\t\t<section class=\"aux-widget-modern-heading\">\n            <div class=\"aux-widget-inner\"><h2 class=\"aux-modern-heading-primary\">Anwendungen <\/h2><div class=\"aux-modern-heading-divider\"><\/div><\/div>\n        <\/section>\t\t\t\t<\/div>\n\t\t\t\t<\/div>\n\t\t\t\t\t<\/div>\n\t\t<\/div>\n\t\t\t\t<div class=\"aux-parallax-section elementor-column elementor-col-50 elementor-top-column elementor-element elementor-element-fb6ea77 aux-appear-watch-animation aux-fade-in-right-1\" data-id=\"fb6ea77\" data-element_type=\"column\">\n\t\t\t<div class=\"elementor-widget-wrap elementor-element-populated\">\n\t\t\t\t\t\t<div class=\"elementor-element elementor-element-61e015d elementor-widget elementor-widget-qi_addons_for_elementor_image_gallery_masonry\" data-id=\"61e015d\" data-element_type=\"widget\" data-widget_type=\"qi_addons_for_elementor_image_gallery_masonry.default\">\n\t\t\t\t<div class=\"elementor-widget-container\">\n\t\t\t\t\t<div class=\"qodef-shortcode qodef-m qodef-qi-image-gallery-masonry qodef-qi-fslightbox-popup qodef-popup-gallery qodef-image--hover-zoom qodef-qi-grid qodef-layout--qi-masonry qodef-items--fixed qodef-col-num--3 qodef-responsive--predefined\">\n\t<div class=\"qodef-grid-inner\">\n\t\t\t<div class=\"qodef-qi-grid-masonry-sizer\"><\/div>\n<div class=\"qodef-e qodef-image-wrapper qodef-grid-item qodef-item--landscape\">\n\t<div class=\"qodef-e-inner\">\n\t\t\t\t\t<a class=\"qodef-popup-item\" itemprop=\"image\" href=\"\" data-type=\"image\" data-fslightbox=\"gallery-1\">\n\t\t\t\t\t<img decoding=\"async\" width=\"1024\" height=\"650\" src=\"https:\/\/pangea.gr\/wp-content\/uploads\/2022\/06\/Steel-Grey-1024x650.jpg\" class=\"attachment-qi_addons_for_elementor_image_size_landscape size-qi_addons_for_elementor_image_size_landscape wp-post-image\" alt=\"\" \/>\t\t\t\t\t<\/a>\n\t\t\t<\/div>\n<\/div>\n\t<\/div>\n<\/div>\n\t\t\t\t<\/div>\n\t\t\t\t<\/div>\n\t\t\t\t\t<\/div>\n\t\t<\/div>\n\t\t\t\t\t<\/div>\n\t\t<\/section>\n\t\t\t\t<\/div>\n\t\t","protected":false},"excerpt":{"rendered":"<p>Auswahlen \u2013 Abmessungen \u2013 Verpackung Flexibles Steinblatt mit einer Dicke von nur 3 mm, mit dem jede Innenfl\u00e4che wie W\u00e4nde, T\u00fcren, Schr\u00e4nke sowie Badezimmer, WC, Spa beschichtet werden kann. Die gro\u00dfe Dimension sowie die Elastizit\u00e4t der Bl\u00e4tter erm\u00f6glichen einzigartige Anwendungen, selbst auf gew\u00f6lbten Oberfl\u00e4chen. Abmessungen 61&#215;122 cm Dicke 3mm FLEXIBLE STEINPLATTENAbmessungen: 61 \u00d7 122 cm [&hellip;]<\/p>\n","protected":false},"author":1,"featured_media":12925,"parent":12888,"menu_order":0,"comment_status":"closed","ping_status":"closed","template":"","meta":{"footnotes":""},"class_list":["post-12924","page","type-page","status-publish","has-post-thumbnail","hentry"],"yoast_head":"<!-- This site is optimized with the Yoast SEO plugin v26.1 - https:\/\/yoast.com\/wordpress\/plugins\/seo\/ -->\n<title>Stahlgrau - \u03a6\u03c5\u03c3\u03b9\u03ba\u03ac \u03a0\u03b5\u03c4\u03c1\u03ce\u03bc\u03b1\u03c4\u03b1 PANGEA<\/title>\n<meta name=\"robots\" content=\"index, follow, max-snippet:-1, max-image-preview:large, max-video-preview:-1\" \/>\n<link rel=\"canonical\" href=\"https:\/\/pangea.gr\/de\/verblender\/duenne-steinfurniere\/stahlgrau\/\" \/>\n<meta property=\"og:locale\" content=\"de_DE\" \/>\n<meta property=\"og:type\" content=\"article\" \/>\n<meta property=\"og:title\" content=\"Stahlgrau - \u03a6\u03c5\u03c3\u03b9\u03ba\u03ac \u03a0\u03b5\u03c4\u03c1\u03ce\u03bc\u03b1\u03c4\u03b1 PANGEA\" \/>\n<meta property=\"og:description\" content=\"Auswahlen \u2013 Abmessungen \u2013 Verpackung Flexibles Steinblatt mit einer Dicke von nur 3 mm, mit dem jede Innenfl\u00e4che wie W\u00e4nde, T\u00fcren, Schr\u00e4nke sowie Badezimmer, WC, Spa beschichtet werden kann. Die gro\u00dfe Dimension sowie die Elastizit\u00e4t der Bl\u00e4tter erm\u00f6glichen einzigartige Anwendungen, selbst auf gew\u00f6lbten Oberfl\u00e4chen. Abmessungen 61&#215;122 cm Dicke 3mm FLEXIBLE STEINPLATTENAbmessungen: 61 \u00d7 122 cm [&hellip;]\" \/>\n<meta property=\"og:url\" content=\"https:\/\/pangea.gr\/de\/verblender\/duenne-steinfurniere\/stahlgrau\/\" \/>\n<meta property=\"og:site_name\" content=\"\u03a6\u03c5\u03c3\u03b9\u03ba\u03ac \u03a0\u03b5\u03c4\u03c1\u03ce\u03bc\u03b1\u03c4\u03b1 PANGEA\" \/>\n<meta property=\"article:modified_time\" content=\"2026-01-23T15:11:19+00:00\" \/>\n<meta property=\"og:image\" content=\"https:\/\/pangea.gr\/wp-content\/uploads\/2022\/06\/Steel-Grey.jpg\" \/>\n\t<meta property=\"og:image:width\" content=\"1024\" \/>\n\t<meta property=\"og:image:height\" content=\"700\" \/>\n\t<meta property=\"og:image:type\" content=\"image\/jpeg\" \/>\n<meta name=\"twitter:card\" content=\"summary_large_image\" \/>\n<meta name=\"twitter:label1\" content=\"Gesch\u00e4tzte Lesezeit\" \/>\n\t<meta name=\"twitter:data1\" content=\"2\u00a0Minuten\" \/>\n<script type=\"application\/ld+json\" class=\"yoast-schema-graph\">{\"@context\":\"https:\/\/schema.org\",\"@graph\":[{\"@type\":\"WebPage\",\"@id\":\"https:\/\/pangea.gr\/de\/verblender\/duenne-steinfurniere\/stahlgrau\/\",\"url\":\"https:\/\/pangea.gr\/de\/verblender\/duenne-steinfurniere\/stahlgrau\/\",\"name\":\"Stahlgrau - \u03a6\u03c5\u03c3\u03b9\u03ba\u03ac \u03a0\u03b5\u03c4\u03c1\u03ce\u03bc\u03b1\u03c4\u03b1 PANGEA\",\"isPartOf\":{\"@id\":\"https:\/\/pangea.gr\/de\/#website\"},\"primaryImageOfPage\":{\"@id\":\"https:\/\/pangea.gr\/de\/verblender\/duenne-steinfurniere\/stahlgrau\/#primaryimage\"},\"image\":{\"@id\":\"https:\/\/pangea.gr\/de\/verblender\/duenne-steinfurniere\/stahlgrau\/#primaryimage\"},\"thumbnailUrl\":\"https:\/\/pangea.gr\/wp-content\/uploads\/2022\/06\/Steel-Grey.jpg\",\"datePublished\":\"2022-06-02T09:37:59+00:00\",\"dateModified\":\"2026-01-23T15:11:19+00:00\",\"breadcrumb\":{\"@id\":\"https:\/\/pangea.gr\/de\/verblender\/duenne-steinfurniere\/stahlgrau\/#breadcrumb\"},\"inLanguage\":\"de\",\"potentialAction\":[{\"@type\":\"ReadAction\",\"target\":[\"https:\/\/pangea.gr\/de\/verblender\/duenne-steinfurniere\/stahlgrau\/\"]}]},{\"@type\":\"ImageObject\",\"inLanguage\":\"de\",\"@id\":\"https:\/\/pangea.gr\/de\/verblender\/duenne-steinfurniere\/stahlgrau\/#primaryimage\",\"url\":\"https:\/\/pangea.gr\/wp-content\/uploads\/2022\/06\/Steel-Grey.jpg\",\"contentUrl\":\"https:\/\/pangea.gr\/wp-content\/uploads\/2022\/06\/Steel-Grey.jpg\",\"width\":1024,\"height\":700,\"caption\":\"Steel-Grey\"},{\"@type\":\"BreadcrumbList\",\"@id\":\"https:\/\/pangea.gr\/de\/verblender\/duenne-steinfurniere\/stahlgrau\/#breadcrumb\",\"itemListElement\":[{\"@type\":\"ListItem\",\"position\":1,\"name\":\"\u0391\u03c1\u03c7\u03b9\u03ba\u03ae\",\"item\":\"https:\/\/pangea.gr\/de\/\"},{\"@type\":\"ListItem\",\"position\":2,\"name\":\"Verblender\",\"item\":\"https:\/\/pangea.gr\/de\/verblender\/\"},{\"@type\":\"ListItem\",\"position\":3,\"name\":\"D\u00fcnne Steinfurniere\",\"item\":\"https:\/\/pangea.gr\/de\/verblender\/duenne-steinfurniere\/\"},{\"@type\":\"ListItem\",\"position\":4,\"name\":\"Stahlgrau\"}]},{\"@type\":\"WebSite\",\"@id\":\"https:\/\/pangea.gr\/de\/#website\",\"url\":\"https:\/\/pangea.gr\/de\/\",\"name\":\"\u03a6\u03c5\u03c3\u03b9\u03ba\u03ac \u03a0\u03b5\u03c4\u03c1\u03ce\u03bc\u03b1\u03c4\u03b1 PANGEA\",\"description\":\"\u039f \u03c5\u03c0\u03ad\u03c1\u03bf\u03c7\u03bf\u03c2 \u03ba\u03cc\u03c3\u03bc\u03bf\u03c2 \u03c4\u03b7\u03c2 \u03a6\u03c5\u03c3\u03b9\u03ba\u03ae\u03c2 \u03a0\u03ad\u03c4\u03c1\u03b1\u03c2\",\"potentialAction\":[{\"@type\":\"SearchAction\",\"target\":{\"@type\":\"EntryPoint\",\"urlTemplate\":\"https:\/\/pangea.gr\/de\/?s={search_term_string}\"},\"query-input\":{\"@type\":\"PropertyValueSpecification\",\"valueRequired\":true,\"valueName\":\"search_term_string\"}}],\"inLanguage\":\"de\"}]}<\/script>\n<!-- \/ Yoast SEO plugin. -->","yoast_head_json":{"title":"Stahlgrau - \u03a6\u03c5\u03c3\u03b9\u03ba\u03ac \u03a0\u03b5\u03c4\u03c1\u03ce\u03bc\u03b1\u03c4\u03b1 PANGEA","robots":{"index":"index","follow":"follow","max-snippet":"max-snippet:-1","max-image-preview":"max-image-preview:large","max-video-preview":"max-video-preview:-1"},"canonical":"https:\/\/pangea.gr\/de\/verblender\/duenne-steinfurniere\/stahlgrau\/","og_locale":"de_DE","og_type":"article","og_title":"Stahlgrau - \u03a6\u03c5\u03c3\u03b9\u03ba\u03ac \u03a0\u03b5\u03c4\u03c1\u03ce\u03bc\u03b1\u03c4\u03b1 PANGEA","og_description":"Auswahlen \u2013 Abmessungen \u2013 Verpackung Flexibles Steinblatt mit einer Dicke von nur 3 mm, mit dem jede Innenfl\u00e4che wie W\u00e4nde, T\u00fcren, Schr\u00e4nke sowie Badezimmer, WC, Spa beschichtet werden kann. Die gro\u00dfe Dimension sowie die Elastizit\u00e4t der Bl\u00e4tter erm\u00f6glichen einzigartige Anwendungen, selbst auf gew\u00f6lbten Oberfl\u00e4chen. Abmessungen 61&#215;122 cm Dicke 3mm FLEXIBLE STEINPLATTENAbmessungen: 61 \u00d7 122 cm [&hellip;]","og_url":"https:\/\/pangea.gr\/de\/verblender\/duenne-steinfurniere\/stahlgrau\/","og_site_name":"\u03a6\u03c5\u03c3\u03b9\u03ba\u03ac \u03a0\u03b5\u03c4\u03c1\u03ce\u03bc\u03b1\u03c4\u03b1 PANGEA","article_modified_time":"2026-01-23T15:11:19+00:00","og_image":[{"width":1024,"height":700,"url":"https:\/\/pangea.gr\/wp-content\/uploads\/2022\/06\/Steel-Grey.jpg","type":"image\/jpeg"}],"twitter_card":"summary_large_image","twitter_misc":{"Gesch\u00e4tzte Lesezeit":"2\u00a0Minuten"},"schema":{"@context":"https:\/\/schema.org","@graph":[{"@type":"WebPage","@id":"https:\/\/pangea.gr\/de\/verblender\/duenne-steinfurniere\/stahlgrau\/","url":"https:\/\/pangea.gr\/de\/verblender\/duenne-steinfurniere\/stahlgrau\/","name":"Stahlgrau - \u03a6\u03c5\u03c3\u03b9\u03ba\u03ac \u03a0\u03b5\u03c4\u03c1\u03ce\u03bc\u03b1\u03c4\u03b1 PANGEA","isPartOf":{"@id":"https:\/\/pangea.gr\/de\/#website"},"primaryImageOfPage":{"@id":"https:\/\/pangea.gr\/de\/verblender\/duenne-steinfurniere\/stahlgrau\/#primaryimage"},"image":{"@id":"https:\/\/pangea.gr\/de\/verblender\/duenne-steinfurniere\/stahlgrau\/#primaryimage"},"thumbnailUrl":"https:\/\/pangea.gr\/wp-content\/uploads\/2022\/06\/Steel-Grey.jpg","datePublished":"2022-06-02T09:37:59+00:00","dateModified":"2026-01-23T15:11:19+00:00","breadcrumb":{"@id":"https:\/\/pangea.gr\/de\/verblender\/duenne-steinfurniere\/stahlgrau\/#breadcrumb"},"inLanguage":"de","potentialAction":[{"@type":"ReadAction","target":["https:\/\/pangea.gr\/de\/verblender\/duenne-steinfurniere\/stahlgrau\/"]}]},{"@type":"ImageObject","inLanguage":"de","@id":"https:\/\/pangea.gr\/de\/verblender\/duenne-steinfurniere\/stahlgrau\/#primaryimage","url":"https:\/\/pangea.gr\/wp-content\/uploads\/2022\/06\/Steel-Grey.jpg","contentUrl":"https:\/\/pangea.gr\/wp-content\/uploads\/2022\/06\/Steel-Grey.jpg","width":1024,"height":700,"caption":"Steel-Grey"},{"@type":"BreadcrumbList","@id":"https:\/\/pangea.gr\/de\/verblender\/duenne-steinfurniere\/stahlgrau\/#breadcrumb","itemListElement":[{"@type":"ListItem","position":1,"name":"\u0391\u03c1\u03c7\u03b9\u03ba\u03ae","item":"https:\/\/pangea.gr\/de\/"},{"@type":"ListItem","position":2,"name":"Verblender","item":"https:\/\/pangea.gr\/de\/verblender\/"},{"@type":"ListItem","position":3,"name":"D\u00fcnne Steinfurniere","item":"https:\/\/pangea.gr\/de\/verblender\/duenne-steinfurniere\/"},{"@type":"ListItem","position":4,"name":"Stahlgrau"}]},{"@type":"WebSite","@id":"https:\/\/pangea.gr\/de\/#website","url":"https:\/\/pangea.gr\/de\/","name":"\u03a6\u03c5\u03c3\u03b9\u03ba\u03ac \u03a0\u03b5\u03c4\u03c1\u03ce\u03bc\u03b1\u03c4\u03b1 PANGEA","description":"\u039f \u03c5\u03c0\u03ad\u03c1\u03bf\u03c7\u03bf\u03c2 \u03ba\u03cc\u03c3\u03bc\u03bf\u03c2 \u03c4\u03b7\u03c2 \u03a6\u03c5\u03c3\u03b9\u03ba\u03ae\u03c2 \u03a0\u03ad\u03c4\u03c1\u03b1\u03c2","potentialAction":[{"@type":"SearchAction","target":{"@type":"EntryPoint","urlTemplate":"https:\/\/pangea.gr\/de\/?s={search_term_string}"},"query-input":{"@type":"PropertyValueSpecification","valueRequired":true,"valueName":"search_term_string"}}],"inLanguage":"de"}]}},"_links":{"self":[{"href":"https:\/\/pangea.gr\/de\/wp-json\/wp\/v2\/pages\/12924","targetHints":{"allow":["GET"]}}],"collection":[{"href":"https:\/\/pangea.gr\/de\/wp-json\/wp\/v2\/pages"}],"about":[{"href":"https:\/\/pangea.gr\/de\/wp-json\/wp\/v2\/types\/page"}],"author":[{"embeddable":true,"href":"https:\/\/pangea.gr\/de\/wp-json\/wp\/v2\/users\/1"}],"replies":[{"embeddable":true,"href":"https:\/\/pangea.gr\/de\/wp-json\/wp\/v2\/comments?post=12924"}],"version-history":[{"count":4,"href":"https:\/\/pangea.gr\/de\/wp-json\/wp\/v2\/pages\/12924\/revisions"}],"predecessor-version":[{"id":14158,"href":"https:\/\/pangea.gr\/de\/wp-json\/wp\/v2\/pages\/12924\/revisions\/14158"}],"up":[{"embeddable":true,"href":"https:\/\/pangea.gr\/de\/wp-json\/wp\/v2\/pages\/12888"}],"wp:featuredmedia":[{"embeddable":true,"href":"https:\/\/pangea.gr\/de\/wp-json\/wp\/v2\/media\/12925"}],"wp:attachment":[{"href":"https:\/\/pangea.gr\/de\/wp-json\/wp\/v2\/media?parent=12924"}],"curies":[{"name":"wp","href":"https:\/\/api.w.org\/{rel}","templated":true}]}}