{"id":12571,"date":"2022-05-25T12:17:55","date_gmt":"2022-05-25T09:17:55","guid":{"rendered":"https:\/\/pangea.gr\/spezialisierte-produkte\/ats-60\/"},"modified":"2025-03-12T16:55:29","modified_gmt":"2025-03-12T13:55:29","slug":"ats-60","status":"publish","type":"page","link":"https:\/\/pangea.gr\/de\/spezialisierte-produkte\/ats-60\/","title":{"rendered":"ATS-60"},"content":{"rendered":"\t\t<div data-elementor-type=\"wp-post\" data-elementor-id=\"12571\" class=\"elementor elementor-12571 elementor-3978\" data-elementor-post-type=\"page\">\n\t\t\t\t\t\t<section class=\"elementor-section elementor-top-section elementor-element elementor-element-7f1d64d elementor-section-boxed elementor-section-height-default elementor-section-height-default\" data-id=\"7f1d64d\" data-element_type=\"section\">\n\t\t\t\t\t\t<div class=\"elementor-container elementor-column-gap-default\">\n\t\t\t\t\t<div class=\"aux-parallax-section elementor-column elementor-col-100 elementor-top-column elementor-element elementor-element-1b9d62b\" data-id=\"1b9d62b\" data-element_type=\"column\">\n\t\t\t<div class=\"elementor-widget-wrap elementor-element-populated\">\n\t\t\t\t\t\t<div class=\"elementor-element elementor-element-a80b1b2 elementor-align-left elementor-widget elementor-widget-breadcrumbs\" data-id=\"a80b1b2\" data-element_type=\"widget\" data-widget_type=\"breadcrumbs.default\">\n\t\t\t\t<div class=\"elementor-widget-container\">\n\t\t\t\t\t<p id=\"breadcrumbs\"><span><span><a href=\"https:\/\/pangea.gr\/de\/\">\u0391\u03c1\u03c7\u03b9\u03ba\u03ae<\/a><\/span><\/span><\/p>\t\t\t\t<\/div>\n\t\t\t\t<\/div>\n\t\t\t\t\t<\/div>\n\t\t<\/div>\n\t\t\t\t\t<\/div>\n\t\t<\/section>\n\t\t\t\t<section class=\"elementor-section elementor-top-section elementor-element elementor-element-d38f780 elementor-reverse-tablet elementor-reverse-mobile elementor-section-boxed elementor-section-height-default elementor-section-height-default\" data-id=\"d38f780\" data-element_type=\"section\">\n\t\t\t\t\t\t<div class=\"elementor-container elementor-column-gap-default\">\n\t\t\t\t\t<div class=\"aux-parallax-section elementor-column elementor-col-33 elementor-top-column elementor-element elementor-element-bb95503\" data-id=\"bb95503\" data-element_type=\"column\">\n\t\t\t<div class=\"elementor-widget-wrap elementor-element-populated\">\n\t\t\t\t\t\t<div class=\"elementor-element elementor-element-6d8ad06 elementor-widget elementor-widget-image\" data-id=\"6d8ad06\" data-element_type=\"widget\" data-widget_type=\"image.default\">\n\t\t\t\t<div class=\"elementor-widget-container\">\n\t\t\t\t\t\t\t\t\t\t\t\t\t\t\t\t<a href=\"http:\/\/pangea.gr\/wp-content\/uploads\/2022\/05\/ATS-60.jpg\" data-elementor-open-lightbox=\"yes\" data-elementor-lightbox-title=\"ATS-60\" data-elementor-lightbox-description=\"ATS-60\" data-e-action-hash=\"#elementor-action%3Aaction%3Dlightbox%26settings%3DeyJpZCI6MTI1NzIsInVybCI6Imh0dHBzOlwvXC9wYW5nZWEuZ3JcL3dwLWNvbnRlbnRcL3VwbG9hZHNcLzIwMjJcLzA1XC9BVFMtNjAuanBnIn0%3D\">\n\t\t\t\t\t\t\t<img fetchpriority=\"high\" decoding=\"async\" width=\"1024\" height=\"1024\" src=\"https:\/\/pangea.gr\/wp-content\/uploads\/2022\/05\/ATS-60.jpg\" class=\"attachment-large size-large wp-image-12572\" alt=\"\" srcset=\"https:\/\/pangea.gr\/wp-content\/uploads\/2022\/05\/ATS-60.jpg 1024w, https:\/\/pangea.gr\/wp-content\/uploads\/2022\/05\/ATS-60-300x300.jpg 300w, https:\/\/pangea.gr\/wp-content\/uploads\/2022\/05\/ATS-60-150x150.jpg 150w, https:\/\/pangea.gr\/wp-content\/uploads\/2022\/05\/ATS-60-768x768.jpg 768w, https:\/\/pangea.gr\/wp-content\/uploads\/2022\/05\/ATS-60-650x650.jpg 650w\" sizes=\"(max-width: 1024px) 100vw, 1024px\" \/>\t\t\t\t\t\t\t\t<\/a>\n\t\t\t\t\t\t\t\t\t\t\t\t\t\t\t<\/div>\n\t\t\t\t<\/div>\n\t\t\t\t\t<\/div>\n\t\t<\/div>\n\t\t\t\t<div class=\"aux-parallax-section elementor-column elementor-col-33 elementor-top-column elementor-element elementor-element-08ec10c\" data-id=\"08ec10c\" data-element_type=\"column\">\n\t\t\t<div class=\"elementor-widget-wrap elementor-element-populated\">\n\t\t\t\t\t\t<div class=\"elementor-element elementor-element-5b22e14 elementor-widget elementor-widget-aux_modern_heading\" data-id=\"5b22e14\" data-element_type=\"widget\" data-widget_type=\"aux_modern_heading.default\">\n\t\t\t\t<div class=\"elementor-widget-container\">\n\t\t\t\t\t<section class=\"aux-widget-modern-heading\">\n            <div class=\"aux-widget-inner\"><h2 class=\"aux-modern-heading-primary\">Auswahlen \u2013 Abmessungen \u2013 Verpackung<\/h2><div class=\"aux-modern-heading-divider\"><\/div><\/div>\n        <\/section>\t\t\t\t<\/div>\n\t\t\t\t<\/div>\n\t\t\t\t<div class=\"elementor-element elementor-element-985c795 elementor-widget elementor-widget-text-editor\" data-id=\"985c795\" data-element_type=\"widget\" data-widget_type=\"text-editor.default\">\n\t\t\t\t<div class=\"elementor-widget-container\">\n\t\t\t\t\t\t\t\t\t<p>\u00d6le zum Schutz von Steinen vor Flecken und Schmutz, zur Impr\u00e4gnierung, aber auch um die Farben des Steins zu verst\u00e4rken. Es sind auch Reinigungsmittel erh\u00e4ltlich, um Flecken von der Oberfl\u00e4che der Platte zu entfernen.<\/p>\n\t\t\t\t\t\t\t\t<\/div>\n\t\t\t\t<\/div>\n\t\t\t\t<div class=\"elementor-element elementor-element-c41d25f elementor-widget elementor-widget-accordion\" data-id=\"c41d25f\" data-element_type=\"widget\" data-widget_type=\"accordion.default\">\n\t\t\t\t<div class=\"elementor-widget-container\">\n\t\t\t\t\t\t\t<div class=\"elementor-accordion\">\n\t\t\t\t\t\t\t<div class=\"elementor-accordion-item\">\n\t\t\t\t\t<div id=\"elementor-tab-title-2051\" class=\"elementor-tab-title\" data-tab=\"1\" role=\"button\" aria-controls=\"elementor-tab-content-2051\" aria-expanded=\"false\">\n\t\t\t\t\t\t\t\t\t\t\t\t\t<span class=\"elementor-accordion-icon elementor-accordion-icon-left\" aria-hidden=\"true\">\n\t\t\t\t\t\t\t\t\t\t\t\t\t\t\t<span class=\"elementor-accordion-icon-closed\"><i class=\"fas fa-plus\"><\/i><\/span>\n\t\t\t\t\t\t\t\t<span class=\"elementor-accordion-icon-opened\"><i class=\"fas fa-minus\"><\/i><\/span>\n\t\t\t\t\t\t\t\t\t\t\t\t\t\t<\/span>\n\t\t\t\t\t\t\t\t\t\t\t\t<a class=\"elementor-accordion-title\" tabindex=\"0\">FRAGEN SIE NACH DEM PRODUKT<\/a>\n\t\t\t\t\t<\/div>\n\t\t\t\t\t<div id=\"elementor-tab-content-2051\" class=\"elementor-tab-content elementor-clearfix\" data-tab=\"1\" role=\"region\" aria-labelledby=\"elementor-tab-title-2051\"><p>\n            \n<div class=\"wpcf7 no-js\" id=\"wpcf7-f11962-p12571-o1\" lang=\"de-DE\" dir=\"ltr\" data-wpcf7-id=\"11962\">\n<div class=\"screen-reader-response\"><p role=\"status\" aria-live=\"polite\" aria-atomic=\"true\"><\/p> <ul><\/ul><\/div>\n<form action=\"\/de\/spezialisierte-produkte\/ats-60\/#wpcf7-f11962-p12571-o1\" method=\"post\" class=\"wpcf7-form init\" aria-label=\"Kontaktformular\" novalidate=\"novalidate\" data-status=\"init\">\n<fieldset class=\"hidden-fields-container\"><input type=\"hidden\" name=\"_wpcf7\" value=\"11962\" \/><input type=\"hidden\" name=\"_wpcf7_version\" value=\"6.1.2\" \/><input type=\"hidden\" name=\"_wpcf7_locale\" value=\"de_DE\" \/><input type=\"hidden\" name=\"_wpcf7_unit_tag\" value=\"wpcf7-f11962-p12571-o1\" \/><input type=\"hidden\" name=\"_wpcf7_container_post\" value=\"12571\" \/><input type=\"hidden\" name=\"_wpcf7_posted_data_hash\" value=\"\" \/>\n<\/fieldset>\n<div style=\"display:none;\">\n\t<p><label> Frage zum Produkt<br \/>\n<span class=\"wpcf7-form-control-wrap\" data-name=\"product-name\"><input size=\"40\" maxlength=\"400\" class=\"wpcf7-form-control wpcf7-text wpcf7-validates-as-required\" aria-required=\"true\" aria-invalid=\"false\" value=\"\" type=\"text\" name=\"product-name\" \/><\/span> <\/label><br \/>\n<script>jQuery(\".wpcf7-form-control-wrap [name='product-name']\").val(\"ATS-60 - https:\/\/pangea.gr\/de\/?post_type=page&p=12571\");<\/script>\n\t<\/p>\n<\/div>\n<p><label> Ihr Name<br \/>\n<span class=\"wpcf7-form-control-wrap\" data-name=\"your-name\"><input size=\"40\" maxlength=\"400\" class=\"wpcf7-form-control wpcf7-text wpcf7-validates-as-required\" aria-required=\"true\" aria-invalid=\"false\" value=\"\" type=\"text\" name=\"your-name\" \/><\/span> <\/label>\n<\/p>\n<p><label> Ihre E-Mail<br \/>\n<span class=\"wpcf7-form-control-wrap\" data-name=\"your-email\"><input size=\"40\" maxlength=\"400\" class=\"wpcf7-form-control wpcf7-email wpcf7-validates-as-required wpcf7-text wpcf7-validates-as-email\" aria-required=\"true\" aria-invalid=\"false\" value=\"\" type=\"email\" name=\"your-email\" \/><\/span> <\/label>\n<\/p>\n<p><label> Telefonnummer<br \/>\n<span class=\"wpcf7-form-control-wrap\" data-name=\"your-subject\"><input size=\"40\" maxlength=\"400\" class=\"wpcf7-form-control wpcf7-text wpcf7-validates-as-required\" aria-required=\"true\" aria-invalid=\"false\" value=\"\" type=\"text\" name=\"your-subject\" \/><\/span> <\/label>\n<\/p>\n<p><label> Ihre Nachricht (optional)<br \/>\n<span class=\"wpcf7-form-control-wrap\" data-name=\"your-message\"><textarea cols=\"40\" rows=\"10\" maxlength=\"2000\" class=\"wpcf7-form-control wpcf7-textarea\" aria-invalid=\"false\" name=\"your-message\"><\/textarea><\/span> <\/label>\n<\/p>\n<p><input class=\"wpcf7-form-control wpcf7-submit has-spinner\" type=\"submit\" value=\"Absenden\" \/>\n<\/p><div class=\"wpcf7-response-output\" aria-hidden=\"true\"><\/div>\n<\/form>\n<\/div>\n\n          <\/p>\n<\/div>\n\t\t\t\t<\/div>\n\t\t\t\t\t\t\t\t<\/div>\n\t\t\t\t\t\t<\/div>\n\t\t\t\t<\/div>\n\t\t\t\t\t<\/div>\n\t\t<\/div>\n\t\t\t\t<div class=\"aux-parallax-section elementor-column elementor-col-33 elementor-top-column elementor-element elementor-element-6e5de3b\" data-id=\"6e5de3b\" data-element_type=\"column\">\n\t\t\t<div class=\"elementor-widget-wrap elementor-element-populated\">\n\t\t\t\t\t\t<div class=\"elementor-element elementor-element-e758660 elementor-widget elementor-widget-aux_modern_heading\" data-id=\"e758660\" data-element_type=\"widget\" data-widget_type=\"aux_modern_heading.default\">\n\t\t\t\t<div class=\"elementor-widget-container\">\n\t\t\t\t\t<section class=\"aux-widget-modern-heading\">\n            <div class=\"aux-widget-inner\"><h1 class=\"aux-modern-heading-primary\">ATS-60<\/h1><div class=\"aux-modern-heading-divider\"><\/div><\/div>\n        <\/section>\t\t\t\t<\/div>\n\t\t\t\t<\/div>\n\t\t\t\t\t<\/div>\n\t\t<\/div>\n\t\t\t\t\t<\/div>\n\t\t<\/section>\n\t\t\t\t<section class=\"elementor-section elementor-top-section elementor-element elementor-element-ead9a3d elementor-section-height-min-height elementor-section-boxed elementor-section-height-default elementor-section-items-middle\" data-id=\"ead9a3d\" data-element_type=\"section\" data-settings=\"{&quot;background_background&quot;:&quot;classic&quot;}\">\n\t\t\t\t\t\t<div class=\"elementor-container elementor-column-gap-wide\">\n\t\t\t\t\t<div class=\"aux-parallax-section elementor-column elementor-col-50 elementor-top-column elementor-element elementor-element-3156b66\" data-id=\"3156b66\" data-element_type=\"column\">\n\t\t\t<div class=\"elementor-widget-wrap elementor-element-populated\">\n\t\t\t\t\t\t<div class=\"elementor-element elementor-element-a3e053b elementor-widget elementor-widget-aux_modern_heading\" data-id=\"a3e053b\" data-element_type=\"widget\" data-widget_type=\"aux_modern_heading.default\">\n\t\t\t\t<div class=\"elementor-widget-container\">\n\t\t\t\t\t<section class=\"aux-widget-modern-heading\">\n            <div class=\"aux-widget-inner\"><h2 class=\"aux-modern-heading-primary\">Anwendungen <\/h2><div class=\"aux-modern-heading-divider\"><\/div><\/div>\n        <\/section>\t\t\t\t<\/div>\n\t\t\t\t<\/div>\n\t\t\t\t\t<\/div>\n\t\t<\/div>\n\t\t\t\t<div class=\"aux-parallax-section elementor-column elementor-col-50 elementor-top-column elementor-element elementor-element-fb6ea77 aux-appear-watch-animation aux-fade-in-right-1\" data-id=\"fb6ea77\" data-element_type=\"column\">\n\t\t\t<div class=\"elementor-widget-wrap elementor-element-populated\">\n\t\t\t\t\t\t<div class=\"elementor-element elementor-element-61e015d elementor-widget elementor-widget-qi_addons_for_elementor_image_gallery_masonry\" data-id=\"61e015d\" data-element_type=\"widget\" data-widget_type=\"qi_addons_for_elementor_image_gallery_masonry.default\">\n\t\t\t\t<div class=\"elementor-widget-container\">\n\t\t\t\t\t<div class=\"qodef-shortcode qodef-m qodef-qi-image-gallery-masonry qodef-qi-fslightbox-popup qodef-popup-gallery qodef-image--hover-zoom qodef-qi-grid qodef-layout--qi-masonry qodef-items--fixed qodef-col-num--3 qodef-responsive--predefined\">\n\t<div class=\"qodef-grid-inner\">\n\t\t\t<div class=\"qodef-qi-grid-masonry-sizer\"><\/div>\n<div class=\"qodef-e qodef-image-wrapper qodef-grid-item qodef-item--\">\n\t<div class=\"qodef-e-inner\">\n\t\t\t\t\t<a class=\"qodef-popup-item\" itemprop=\"image\" href=\"https:\/\/pangea.gr\/wp-content\/uploads\/2022\/05\/ATS-60.jpg\" data-type=\"image\" data-fslightbox=\"gallery-1\">\n\t\t\t\t\t<img decoding=\"async\" width=\"1024\" height=\"1024\" src=\"https:\/\/pangea.gr\/wp-content\/uploads\/2022\/05\/ATS-60.jpg\" class=\"attachment- size-\" alt=\"\" srcset=\"https:\/\/pangea.gr\/wp-content\/uploads\/2022\/05\/ATS-60.jpg 1024w, https:\/\/pangea.gr\/wp-content\/uploads\/2022\/05\/ATS-60-300x300.jpg 300w, https:\/\/pangea.gr\/wp-content\/uploads\/2022\/05\/ATS-60-150x150.jpg 150w, https:\/\/pangea.gr\/wp-content\/uploads\/2022\/05\/ATS-60-768x768.jpg 768w, https:\/\/pangea.gr\/wp-content\/uploads\/2022\/05\/ATS-60-650x650.jpg 650w\" sizes=\"(max-width: 1024px) 100vw, 1024px\" \/>\t\t\t\t\t<\/a>\n\t\t\t<\/div>\n<\/div>\n\t<\/div>\n<\/div>\n\t\t\t\t<\/div>\n\t\t\t\t<\/div>\n\t\t\t\t\t<\/div>\n\t\t<\/div>\n\t\t\t\t\t<\/div>\n\t\t<\/section>\n\t\t\t\t<\/div>\n\t\t","protected":false},"excerpt":{"rendered":"<p>Auswahlen \u2013 Abmessungen \u2013 Verpackung \u00d6le zum Schutz von Steinen vor Flecken und Schmutz, zur Impr\u00e4gnierung, aber auch um die Farben des Steins zu verst\u00e4rken. Es sind auch Reinigungsmittel erh\u00e4ltlich, um Flecken von der Oberfl\u00e4che der Platte zu entfernen. FRAGEN SIE NACH DEM PRODUKT \u0395\u03c1\u03ce\u03c4\u03b7\u03c3\u03b7 \u03b3\u03b9\u03b1 \u03c4\u03bf \u03c0\u03c1\u03bf\u03ca\u03cc\u03bd \u03a4\u03bf \u03cc\u03bd\u03bf\u03bc\u03b1 \u03c3\u03b1\u03c2 \u03a4\u03bf email \u03c3\u03b1\u03c2 \u03a4\u03b7\u03bb [&hellip;]<\/p>\n","protected":false},"author":1,"featured_media":12572,"parent":12566,"menu_order":0,"comment_status":"closed","ping_status":"closed","template":"","meta":{"footnotes":""},"class_list":["post-12571","page","type-page","status-publish","has-post-thumbnail","hentry"],"yoast_head":"<!-- This site is optimized with the Yoast SEO plugin v26.1 - https:\/\/yoast.com\/wordpress\/plugins\/seo\/ -->\n<title>ATS-60 - \u03a6\u03c5\u03c3\u03b9\u03ba\u03ac \u03a0\u03b5\u03c4\u03c1\u03ce\u03bc\u03b1\u03c4\u03b1 PANGEA<\/title>\n<meta name=\"robots\" content=\"index, follow, max-snippet:-1, max-image-preview:large, max-video-preview:-1\" \/>\n<link rel=\"canonical\" href=\"https:\/\/pangea.gr\/de\/spezialisierte-produkte\/ats-60\/\" \/>\n<meta property=\"og:locale\" content=\"de_DE\" \/>\n<meta property=\"og:type\" content=\"article\" \/>\n<meta property=\"og:title\" content=\"ATS-60 - \u03a6\u03c5\u03c3\u03b9\u03ba\u03ac \u03a0\u03b5\u03c4\u03c1\u03ce\u03bc\u03b1\u03c4\u03b1 PANGEA\" \/>\n<meta property=\"og:description\" content=\"Auswahlen \u2013 Abmessungen \u2013 Verpackung \u00d6le zum Schutz von Steinen vor Flecken und Schmutz, zur Impr\u00e4gnierung, aber auch um die Farben des Steins zu verst\u00e4rken. Es sind auch Reinigungsmittel erh\u00e4ltlich, um Flecken von der Oberfl\u00e4che der Platte zu entfernen. FRAGEN SIE NACH DEM PRODUKT \u0395\u03c1\u03ce\u03c4\u03b7\u03c3\u03b7 \u03b3\u03b9\u03b1 \u03c4\u03bf \u03c0\u03c1\u03bf\u03ca\u03cc\u03bd \u03a4\u03bf \u03cc\u03bd\u03bf\u03bc\u03b1 \u03c3\u03b1\u03c2 \u03a4\u03bf email \u03c3\u03b1\u03c2 \u03a4\u03b7\u03bb [&hellip;]\" \/>\n<meta property=\"og:url\" content=\"https:\/\/pangea.gr\/de\/spezialisierte-produkte\/ats-60\/\" \/>\n<meta property=\"og:site_name\" content=\"\u03a6\u03c5\u03c3\u03b9\u03ba\u03ac \u03a0\u03b5\u03c4\u03c1\u03ce\u03bc\u03b1\u03c4\u03b1 PANGEA\" \/>\n<meta property=\"article:modified_time\" content=\"2025-03-12T13:55:29+00:00\" \/>\n<meta property=\"og:image\" content=\"https:\/\/pangea.gr\/wp-content\/uploads\/2022\/05\/ATS-60.jpg\" \/>\n\t<meta property=\"og:image:width\" content=\"1024\" \/>\n\t<meta property=\"og:image:height\" content=\"1024\" \/>\n\t<meta property=\"og:image:type\" content=\"image\/jpeg\" \/>\n<meta name=\"twitter:card\" content=\"summary_large_image\" \/>\n<script type=\"application\/ld+json\" class=\"yoast-schema-graph\">{\"@context\":\"https:\/\/schema.org\",\"@graph\":[{\"@type\":\"WebPage\",\"@id\":\"https:\/\/pangea.gr\/de\/spezialisierte-produkte\/ats-60\/\",\"url\":\"https:\/\/pangea.gr\/de\/spezialisierte-produkte\/ats-60\/\",\"name\":\"ATS-60 - \u03a6\u03c5\u03c3\u03b9\u03ba\u03ac \u03a0\u03b5\u03c4\u03c1\u03ce\u03bc\u03b1\u03c4\u03b1 PANGEA\",\"isPartOf\":{\"@id\":\"https:\/\/pangea.gr\/de\/#website\"},\"primaryImageOfPage\":{\"@id\":\"https:\/\/pangea.gr\/de\/spezialisierte-produkte\/ats-60\/#primaryimage\"},\"image\":{\"@id\":\"https:\/\/pangea.gr\/de\/spezialisierte-produkte\/ats-60\/#primaryimage\"},\"thumbnailUrl\":\"https:\/\/pangea.gr\/wp-content\/uploads\/2022\/05\/ATS-60.jpg\",\"datePublished\":\"2022-05-25T09:17:55+00:00\",\"dateModified\":\"2025-03-12T13:55:29+00:00\",\"breadcrumb\":{\"@id\":\"https:\/\/pangea.gr\/de\/spezialisierte-produkte\/ats-60\/#breadcrumb\"},\"inLanguage\":\"de\",\"potentialAction\":[{\"@type\":\"ReadAction\",\"target\":[\"https:\/\/pangea.gr\/de\/spezialisierte-produkte\/ats-60\/\"]}]},{\"@type\":\"ImageObject\",\"inLanguage\":\"de\",\"@id\":\"https:\/\/pangea.gr\/de\/spezialisierte-produkte\/ats-60\/#primaryimage\",\"url\":\"https:\/\/pangea.gr\/wp-content\/uploads\/2022\/05\/ATS-60.jpg\",\"contentUrl\":\"https:\/\/pangea.gr\/wp-content\/uploads\/2022\/05\/ATS-60.jpg\",\"width\":1024,\"height\":1024,\"caption\":\"ATS-60\"},{\"@type\":\"BreadcrumbList\",\"@id\":\"https:\/\/pangea.gr\/de\/spezialisierte-produkte\/ats-60\/#breadcrumb\",\"itemListElement\":[{\"@type\":\"ListItem\",\"position\":1,\"name\":\"\u0391\u03c1\u03c7\u03b9\u03ba\u03ae\",\"item\":\"https:\/\/pangea.gr\/de\/\"},{\"@type\":\"ListItem\",\"position\":2,\"name\":\"Spezial Produkte\",\"item\":\"https:\/\/pangea.gr\/de\/spezialisierte-produkte\/\"},{\"@type\":\"ListItem\",\"position\":3,\"name\":\"ATS-60\"}]},{\"@type\":\"WebSite\",\"@id\":\"https:\/\/pangea.gr\/de\/#website\",\"url\":\"https:\/\/pangea.gr\/de\/\",\"name\":\"\u03a6\u03c5\u03c3\u03b9\u03ba\u03ac \u03a0\u03b5\u03c4\u03c1\u03ce\u03bc\u03b1\u03c4\u03b1 PANGEA\",\"description\":\"\u039f \u03c5\u03c0\u03ad\u03c1\u03bf\u03c7\u03bf\u03c2 \u03ba\u03cc\u03c3\u03bc\u03bf\u03c2 \u03c4\u03b7\u03c2 \u03a6\u03c5\u03c3\u03b9\u03ba\u03ae\u03c2 \u03a0\u03ad\u03c4\u03c1\u03b1\u03c2\",\"potentialAction\":[{\"@type\":\"SearchAction\",\"target\":{\"@type\":\"EntryPoint\",\"urlTemplate\":\"https:\/\/pangea.gr\/de\/?s={search_term_string}\"},\"query-input\":{\"@type\":\"PropertyValueSpecification\",\"valueRequired\":true,\"valueName\":\"search_term_string\"}}],\"inLanguage\":\"de\"}]}<\/script>\n<!-- \/ Yoast SEO plugin. -->","yoast_head_json":{"title":"ATS-60 - \u03a6\u03c5\u03c3\u03b9\u03ba\u03ac \u03a0\u03b5\u03c4\u03c1\u03ce\u03bc\u03b1\u03c4\u03b1 PANGEA","robots":{"index":"index","follow":"follow","max-snippet":"max-snippet:-1","max-image-preview":"max-image-preview:large","max-video-preview":"max-video-preview:-1"},"canonical":"https:\/\/pangea.gr\/de\/spezialisierte-produkte\/ats-60\/","og_locale":"de_DE","og_type":"article","og_title":"ATS-60 - \u03a6\u03c5\u03c3\u03b9\u03ba\u03ac \u03a0\u03b5\u03c4\u03c1\u03ce\u03bc\u03b1\u03c4\u03b1 PANGEA","og_description":"Auswahlen \u2013 Abmessungen \u2013 Verpackung \u00d6le zum Schutz von Steinen vor Flecken und Schmutz, zur Impr\u00e4gnierung, aber auch um die Farben des Steins zu verst\u00e4rken. Es sind auch Reinigungsmittel erh\u00e4ltlich, um Flecken von der Oberfl\u00e4che der Platte zu entfernen. FRAGEN SIE NACH DEM PRODUKT \u0395\u03c1\u03ce\u03c4\u03b7\u03c3\u03b7 \u03b3\u03b9\u03b1 \u03c4\u03bf \u03c0\u03c1\u03bf\u03ca\u03cc\u03bd \u03a4\u03bf \u03cc\u03bd\u03bf\u03bc\u03b1 \u03c3\u03b1\u03c2 \u03a4\u03bf email \u03c3\u03b1\u03c2 \u03a4\u03b7\u03bb [&hellip;]","og_url":"https:\/\/pangea.gr\/de\/spezialisierte-produkte\/ats-60\/","og_site_name":"\u03a6\u03c5\u03c3\u03b9\u03ba\u03ac \u03a0\u03b5\u03c4\u03c1\u03ce\u03bc\u03b1\u03c4\u03b1 PANGEA","article_modified_time":"2025-03-12T13:55:29+00:00","og_image":[{"width":1024,"height":1024,"url":"https:\/\/pangea.gr\/wp-content\/uploads\/2022\/05\/ATS-60.jpg","type":"image\/jpeg"}],"twitter_card":"summary_large_image","schema":{"@context":"https:\/\/schema.org","@graph":[{"@type":"WebPage","@id":"https:\/\/pangea.gr\/de\/spezialisierte-produkte\/ats-60\/","url":"https:\/\/pangea.gr\/de\/spezialisierte-produkte\/ats-60\/","name":"ATS-60 - \u03a6\u03c5\u03c3\u03b9\u03ba\u03ac \u03a0\u03b5\u03c4\u03c1\u03ce\u03bc\u03b1\u03c4\u03b1 PANGEA","isPartOf":{"@id":"https:\/\/pangea.gr\/de\/#website"},"primaryImageOfPage":{"@id":"https:\/\/pangea.gr\/de\/spezialisierte-produkte\/ats-60\/#primaryimage"},"image":{"@id":"https:\/\/pangea.gr\/de\/spezialisierte-produkte\/ats-60\/#primaryimage"},"thumbnailUrl":"https:\/\/pangea.gr\/wp-content\/uploads\/2022\/05\/ATS-60.jpg","datePublished":"2022-05-25T09:17:55+00:00","dateModified":"2025-03-12T13:55:29+00:00","breadcrumb":{"@id":"https:\/\/pangea.gr\/de\/spezialisierte-produkte\/ats-60\/#breadcrumb"},"inLanguage":"de","potentialAction":[{"@type":"ReadAction","target":["https:\/\/pangea.gr\/de\/spezialisierte-produkte\/ats-60\/"]}]},{"@type":"ImageObject","inLanguage":"de","@id":"https:\/\/pangea.gr\/de\/spezialisierte-produkte\/ats-60\/#primaryimage","url":"https:\/\/pangea.gr\/wp-content\/uploads\/2022\/05\/ATS-60.jpg","contentUrl":"https:\/\/pangea.gr\/wp-content\/uploads\/2022\/05\/ATS-60.jpg","width":1024,"height":1024,"caption":"ATS-60"},{"@type":"BreadcrumbList","@id":"https:\/\/pangea.gr\/de\/spezialisierte-produkte\/ats-60\/#breadcrumb","itemListElement":[{"@type":"ListItem","position":1,"name":"\u0391\u03c1\u03c7\u03b9\u03ba\u03ae","item":"https:\/\/pangea.gr\/de\/"},{"@type":"ListItem","position":2,"name":"Spezial Produkte","item":"https:\/\/pangea.gr\/de\/spezialisierte-produkte\/"},{"@type":"ListItem","position":3,"name":"ATS-60"}]},{"@type":"WebSite","@id":"https:\/\/pangea.gr\/de\/#website","url":"https:\/\/pangea.gr\/de\/","name":"\u03a6\u03c5\u03c3\u03b9\u03ba\u03ac \u03a0\u03b5\u03c4\u03c1\u03ce\u03bc\u03b1\u03c4\u03b1 PANGEA","description":"\u039f \u03c5\u03c0\u03ad\u03c1\u03bf\u03c7\u03bf\u03c2 \u03ba\u03cc\u03c3\u03bc\u03bf\u03c2 \u03c4\u03b7\u03c2 \u03a6\u03c5\u03c3\u03b9\u03ba\u03ae\u03c2 \u03a0\u03ad\u03c4\u03c1\u03b1\u03c2","potentialAction":[{"@type":"SearchAction","target":{"@type":"EntryPoint","urlTemplate":"https:\/\/pangea.gr\/de\/?s={search_term_string}"},"query-input":{"@type":"PropertyValueSpecification","valueRequired":true,"valueName":"search_term_string"}}],"inLanguage":"de"}]}},"_links":{"self":[{"href":"https:\/\/pangea.gr\/de\/wp-json\/wp\/v2\/pages\/12571","targetHints":{"allow":["GET"]}}],"collection":[{"href":"https:\/\/pangea.gr\/de\/wp-json\/wp\/v2\/pages"}],"about":[{"href":"https:\/\/pangea.gr\/de\/wp-json\/wp\/v2\/types\/page"}],"author":[{"embeddable":true,"href":"https:\/\/pangea.gr\/de\/wp-json\/wp\/v2\/users\/1"}],"replies":[{"embeddable":true,"href":"https:\/\/pangea.gr\/de\/wp-json\/wp\/v2\/comments?post=12571"}],"version-history":[{"count":1,"href":"https:\/\/pangea.gr\/de\/wp-json\/wp\/v2\/pages\/12571\/revisions"}],"predecessor-version":[{"id":12573,"href":"https:\/\/pangea.gr\/de\/wp-json\/wp\/v2\/pages\/12571\/revisions\/12573"}],"up":[{"embeddable":true,"href":"https:\/\/pangea.gr\/de\/wp-json\/wp\/v2\/pages\/12566"}],"wp:featuredmedia":[{"embeddable":true,"href":"https:\/\/pangea.gr\/de\/wp-json\/wp\/v2\/media\/12572"}],"wp:attachment":[{"href":"https:\/\/pangea.gr\/de\/wp-json\/wp\/v2\/media?parent=12571"}],"curies":[{"name":"wp","href":"https:\/\/api.w.org\/{rel}","templated":true}]}}