{"id":12549,"date":"2022-05-13T16:28:41","date_gmt":"2022-05-13T13:28:41","guid":{"rendered":"https:\/\/pangea.gr\/granitartikel\/tische\/"},"modified":"2025-04-28T14:26:00","modified_gmt":"2025-04-28T11:26:00","slug":"tischgarnituren","status":"publish","type":"page","link":"https:\/\/pangea.gr\/de\/granitartikel\/tischgarnituren\/","title":{"rendered":"Tischgarnituren"},"content":{"rendered":"\t\t<div data-elementor-type=\"wp-page\" data-elementor-id=\"12549\" class=\"elementor elementor-12549 elementor-1029\" data-elementor-post-type=\"page\">\n\t\t\t\t\t\t<section class=\"elementor-section elementor-top-section elementor-element elementor-element-1b55f4a elementor-section-boxed elementor-section-height-default elementor-section-height-default\" data-id=\"1b55f4a\" data-element_type=\"section\">\n\t\t\t\t\t\t<div class=\"elementor-container elementor-column-gap-default\">\n\t\t\t\t\t<div class=\"aux-parallax-section elementor-column elementor-col-100 elementor-top-column elementor-element elementor-element-5c7c265\" data-id=\"5c7c265\" data-element_type=\"column\">\n\t\t\t<div class=\"elementor-widget-wrap elementor-element-populated\">\n\t\t\t\t\t\t<div class=\"elementor-element elementor-element-2506333 elementor-widget elementor-widget-heading\" data-id=\"2506333\" data-element_type=\"widget\" data-widget_type=\"heading.default\">\n\t\t\t\t<div class=\"elementor-widget-container\">\n\t\t\t\t\t<h2 class=\"elementor-heading-title elementor-size-default\">Tischgarnituren<\/h2>\t\t\t\t<\/div>\n\t\t\t\t<\/div>\n\t\t\t\t\t<\/div>\n\t\t<\/div>\n\t\t\t\t\t<\/div>\n\t\t<\/section>\n\t\t\t\t<section class=\"elementor-section elementor-top-section elementor-element elementor-element-ab67bb2 elementor-section-boxed elementor-section-height-default elementor-section-height-default\" data-id=\"ab67bb2\" data-element_type=\"section\">\n\t\t\t\t\t\t<div class=\"elementor-container elementor-column-gap-default\">\n\t\t\t\t\t<div class=\"aux-parallax-section elementor-column elementor-col-100 elementor-top-column elementor-element elementor-element-4578f24\" data-id=\"4578f24\" data-element_type=\"column\">\n\t\t\t<div class=\"elementor-widget-wrap elementor-element-populated\">\n\t\t\t\t\t\t<div class=\"elementor-element elementor-element-77e394f elementor-widget elementor-widget-text-editor\" data-id=\"77e394f\" data-element_type=\"widget\" data-widget_type=\"text-editor.default\">\n\t\t\t\t<div class=\"elementor-widget-container\">\n\t\t\t\t\t\t\t\t\tGranittische sind die beste L\u00f6sung f\u00fcr Ihren Garten, denn sie zeichnen sich durch ihre Langlebigkeit und ihre Widerstandsf\u00e4higkeit gegen\u00fcber Naturph\u00e4nomenen aus.\n\nAlle Seiten sind besto\u00dfen, au\u00dfer der Oberfl\u00e4che, die poliert ist.\n\nAuf Anfrage besteht auch die M\u00f6glichkeit, Ihr eigenes Design in den von Ihnen gew\u00fcnschten Abmessungen und Bearbeitungen herzustellen.\t\t\t\t\t\t\t\t<\/div>\n\t\t\t\t<\/div>\n\t\t\t\t\t<\/div>\n\t\t<\/div>\n\t\t\t\t\t<\/div>\n\t\t<\/section>\n\t\t\t\t<section class=\"elementor-section elementor-top-section elementor-element elementor-element-02f01b9 elementor-section-boxed elementor-section-height-default elementor-section-height-default\" data-id=\"02f01b9\" data-element_type=\"section\">\n\t\t\t\t\t\t<div class=\"elementor-container elementor-column-gap-default\">\n\t\t\t\t\t<div class=\"aux-parallax-section elementor-column elementor-col-100 elementor-top-column elementor-element elementor-element-9fe8388\" data-id=\"9fe8388\" data-element_type=\"column\">\n\t\t\t<div class=\"elementor-widget-wrap elementor-element-populated\">\n\t\t\t\t\t\t<div class=\"elementor-element elementor-element-f266dad elementor-widget elementor-widget-text-editor\" data-id=\"f266dad\" data-element_type=\"widget\" data-widget_type=\"text-editor.default\">\n\t\t\t\t<div class=\"elementor-widget-container\">\n\t\t\t\t\t\t\t\t\t<p>          <div class=\"pt-cv-wrapper\"><div class=\"pt-cv-view pt-cv-grid pt-cv-colsys\" id=\"pt-cv-view-e4de8d5zr8\"><div data-id=\"pt-cv-page-1\" class=\"pt-cv-page\" data-cvc=\"3\"><div class=\"col-md-4 col-sm-6 col-xs-12 pt-cv-content-item pt-cv-1-col\" ><div class='pt-cv-ifield'><a href=\"https:\/\/pangea.gr\/de\/granitartikel\/tischgarnituren\/mensch\/\" class=\"_self pt-cv-href-thumbnail pt-cv-thumb-default\" target=\"_self\" ><img fetchpriority=\"high\" decoding=\"async\" width=\"1024\" height=\"1024\" src=\"https:\/\/pangea.gr\/wp-content\/uploads\/2022\/06\/\u0391\u03bd\u03b4\u03c1\u03bf\u03c2_1.jpg\" class=\"pt-cv-thumbnail\" alt=\"\" srcset=\"https:\/\/pangea.gr\/wp-content\/uploads\/2022\/06\/\u0391\u03bd\u03b4\u03c1\u03bf\u03c2_1.jpg 1024w, https:\/\/pangea.gr\/wp-content\/uploads\/2022\/06\/\u0391\u03bd\u03b4\u03c1\u03bf\u03c2_1-300x300.jpg 300w, https:\/\/pangea.gr\/wp-content\/uploads\/2022\/06\/\u0391\u03bd\u03b4\u03c1\u03bf\u03c2_1-150x150.jpg 150w, https:\/\/pangea.gr\/wp-content\/uploads\/2022\/06\/\u0391\u03bd\u03b4\u03c1\u03bf\u03c2_1-768x768.jpg 768w, https:\/\/pangea.gr\/wp-content\/uploads\/2022\/06\/\u0391\u03bd\u03b4\u03c1\u03bf\u03c2_1-650x650.jpg 650w\" sizes=\"(max-width: 1024px) 100vw, 1024px\" \/><\/a>\n<h4 class=\"pt-cv-title\"><a href=\"https:\/\/pangea.gr\/de\/granitartikel\/tischgarnituren\/mensch\/\" class=\"_self\" target=\"_self\" >Andros<\/a><\/h4><\/div><\/div>\n<div class=\"col-md-4 col-sm-6 col-xs-12 pt-cv-content-item pt-cv-1-col\" ><div class='pt-cv-ifield'><a href=\"https:\/\/pangea.gr\/de\/granitartikel\/tischgarnituren\/rodos\/\" class=\"_self pt-cv-href-thumbnail pt-cv-thumb-default\" target=\"_self\" ><img decoding=\"async\" width=\"1024\" height=\"1024\" src=\"https:\/\/pangea.gr\/wp-content\/uploads\/2022\/06\/\u03a1\u03cc\u03b4\u03bf\u03c2_1.jpg\" class=\"pt-cv-thumbnail\" alt=\"\" srcset=\"https:\/\/pangea.gr\/wp-content\/uploads\/2022\/06\/\u03a1\u03cc\u03b4\u03bf\u03c2_1.jpg 1024w, https:\/\/pangea.gr\/wp-content\/uploads\/2022\/06\/\u03a1\u03cc\u03b4\u03bf\u03c2_1-300x300.jpg 300w, https:\/\/pangea.gr\/wp-content\/uploads\/2022\/06\/\u03a1\u03cc\u03b4\u03bf\u03c2_1-150x150.jpg 150w, https:\/\/pangea.gr\/wp-content\/uploads\/2022\/06\/\u03a1\u03cc\u03b4\u03bf\u03c2_1-768x768.jpg 768w, https:\/\/pangea.gr\/wp-content\/uploads\/2022\/06\/\u03a1\u03cc\u03b4\u03bf\u03c2_1-650x650.jpg 650w\" sizes=\"(max-width: 1024px) 100vw, 1024px\" \/><\/a>\n<h4 class=\"pt-cv-title\"><a href=\"https:\/\/pangea.gr\/de\/granitartikel\/tischgarnituren\/rodos\/\" class=\"_self\" target=\"_self\" >Rodos<\/a><\/h4><\/div><\/div>\n<div class=\"col-md-4 col-sm-6 col-xs-12 pt-cv-content-item pt-cv-1-col\" ><div class='pt-cv-ifield'><a href=\"https:\/\/pangea.gr\/de\/granitartikel\/tischgarnituren\/hydra\/\" class=\"_self pt-cv-href-thumbnail pt-cv-thumb-default\" target=\"_self\" ><img decoding=\"async\" width=\"1024\" height=\"1024\" src=\"https:\/\/pangea.gr\/wp-content\/uploads\/2022\/05\/\u03a5\u03b4\u03c1\u03b1_1.jpg\" class=\"pt-cv-thumbnail\" alt=\"\" srcset=\"https:\/\/pangea.gr\/wp-content\/uploads\/2022\/05\/\u03a5\u03b4\u03c1\u03b1_1.jpg 1024w, https:\/\/pangea.gr\/wp-content\/uploads\/2022\/05\/\u03a5\u03b4\u03c1\u03b1_1-300x300.jpg 300w, https:\/\/pangea.gr\/wp-content\/uploads\/2022\/05\/\u03a5\u03b4\u03c1\u03b1_1-150x150.jpg 150w, https:\/\/pangea.gr\/wp-content\/uploads\/2022\/05\/\u03a5\u03b4\u03c1\u03b1_1-768x768.jpg 768w, https:\/\/pangea.gr\/wp-content\/uploads\/2022\/05\/\u03a5\u03b4\u03c1\u03b1_1-650x650.jpg 650w\" sizes=\"(max-width: 1024px) 100vw, 1024px\" \/><\/a>\n<h4 class=\"pt-cv-title\"><a href=\"https:\/\/pangea.gr\/de\/granitartikel\/tischgarnituren\/hydra\/\" class=\"_self\" target=\"_self\" >Hydra<\/a><\/h4><\/div><\/div><\/div><\/div><\/div><\/p>\n\t\t\t\t\t\t\t\t<\/div>\n\t\t\t\t<\/div>\n\t\t\t\t\t<\/div>\n\t\t<\/div>\n\t\t\t\t\t<\/div>\n\t\t<\/section>\n\t\t\t\t<\/div>\n\t\t","protected":false},"excerpt":{"rendered":"<p>Tischgarnituren Granittische sind die beste L\u00f6sung f\u00fcr Ihren Garten, denn sie zeichnen sich durch ihre Langlebigkeit und ihre Widerstandsf\u00e4higkeit gegen\u00fcber Naturph\u00e4nomenen aus. Alle Seiten sind besto\u00dfen, au\u00dfer der Oberfl\u00e4che, die poliert ist. Auf Anfrage besteht auch die M\u00f6glichkeit, Ihr eigenes Design in den von Ihnen gew\u00fcnschten Abmessungen und Bearbeitungen herzustellen.<\/p>\n","protected":false},"author":1,"featured_media":12550,"parent":12195,"menu_order":0,"comment_status":"closed","ping_status":"closed","template":"","meta":{"footnotes":""},"class_list":["post-12549","page","type-page","status-publish","has-post-thumbnail","hentry"],"yoast_head":"<!-- This site is optimized with the Yoast SEO plugin v26.1 - https:\/\/yoast.com\/wordpress\/plugins\/seo\/ -->\n<title>Tischgarnituren - Pangea<\/title>\n<meta name=\"robots\" content=\"index, follow, max-snippet:-1, max-image-preview:large, max-video-preview:-1\" \/>\n<link rel=\"canonical\" href=\"https:\/\/pangea.gr\/de\/granitartikel\/tischgarnituren\/\" \/>\n<meta property=\"og:locale\" content=\"de_DE\" \/>\n<meta property=\"og:type\" content=\"article\" \/>\n<meta property=\"og:title\" content=\"Tischgarnituren - Pangea\" \/>\n<meta property=\"og:description\" content=\"Tischgarnituren Granittische sind die beste L\u00f6sung f\u00fcr Ihren Garten, denn sie zeichnen sich durch ihre Langlebigkeit und ihre Widerstandsf\u00e4higkeit gegen\u00fcber Naturph\u00e4nomenen aus. Alle Seiten sind besto\u00dfen, au\u00dfer der Oberfl\u00e4che, die poliert ist. Auf Anfrage besteht auch die M\u00f6glichkeit, Ihr eigenes Design in den von Ihnen gew\u00fcnschten Abmessungen und Bearbeitungen herzustellen.\" \/>\n<meta property=\"og:url\" content=\"https:\/\/pangea.gr\/de\/granitartikel\/tischgarnituren\/\" \/>\n<meta property=\"og:site_name\" content=\"\u03a6\u03c5\u03c3\u03b9\u03ba\u03ac \u03a0\u03b5\u03c4\u03c1\u03ce\u03bc\u03b1\u03c4\u03b1 PANGEA\" \/>\n<meta property=\"article:modified_time\" content=\"2025-04-28T11:26:00+00:00\" \/>\n<meta property=\"og:image\" content=\"https:\/\/pangea.gr\/wp-content\/uploads\/2022\/05\/\u03a4\u03c1\u03b1\u03c0\u03ad\u03b6\u03b9\u03b1.jpg\" \/>\n\t<meta property=\"og:image:width\" content=\"1024\" \/>\n\t<meta property=\"og:image:height\" content=\"1024\" \/>\n\t<meta property=\"og:image:type\" content=\"image\/jpeg\" \/>\n<meta name=\"twitter:card\" content=\"summary_large_image\" \/>\n<meta name=\"twitter:label1\" content=\"Gesch\u00e4tzte Lesezeit\" \/>\n\t<meta name=\"twitter:data1\" content=\"1\u00a0Minute\" \/>\n<script type=\"application\/ld+json\" class=\"yoast-schema-graph\">{\"@context\":\"https:\/\/schema.org\",\"@graph\":[{\"@type\":\"WebPage\",\"@id\":\"https:\/\/pangea.gr\/de\/granitartikel\/tischgarnituren\/\",\"url\":\"https:\/\/pangea.gr\/de\/granitartikel\/tischgarnituren\/\",\"name\":\"Tischgarnituren - Pangea\",\"isPartOf\":{\"@id\":\"https:\/\/pangea.gr\/de\/#website\"},\"primaryImageOfPage\":{\"@id\":\"https:\/\/pangea.gr\/de\/granitartikel\/tischgarnituren\/#primaryimage\"},\"image\":{\"@id\":\"https:\/\/pangea.gr\/de\/granitartikel\/tischgarnituren\/#primaryimage\"},\"thumbnailUrl\":\"https:\/\/pangea.gr\/wp-content\/uploads\/2022\/05\/\u03a4\u03c1\u03b1\u03c0\u03ad\u03b6\u03b9\u03b1.jpg\",\"datePublished\":\"2022-05-13T13:28:41+00:00\",\"dateModified\":\"2025-04-28T11:26:00+00:00\",\"breadcrumb\":{\"@id\":\"https:\/\/pangea.gr\/de\/granitartikel\/tischgarnituren\/#breadcrumb\"},\"inLanguage\":\"de\",\"potentialAction\":[{\"@type\":\"ReadAction\",\"target\":[\"https:\/\/pangea.gr\/de\/granitartikel\/tischgarnituren\/\"]}]},{\"@type\":\"ImageObject\",\"inLanguage\":\"de\",\"@id\":\"https:\/\/pangea.gr\/de\/granitartikel\/tischgarnituren\/#primaryimage\",\"url\":\"https:\/\/pangea.gr\/wp-content\/uploads\/2022\/05\/\u03a4\u03c1\u03b1\u03c0\u03ad\u03b6\u03b9\u03b1.jpg\",\"contentUrl\":\"https:\/\/pangea.gr\/wp-content\/uploads\/2022\/05\/\u03a4\u03c1\u03b1\u03c0\u03ad\u03b6\u03b9\u03b1.jpg\",\"width\":1024,\"height\":1024,\"caption\":\"\u03a4\u03c1\u03b1\u03c0\u03ad\u03b6\u03b9\u03b1\"},{\"@type\":\"BreadcrumbList\",\"@id\":\"https:\/\/pangea.gr\/de\/granitartikel\/tischgarnituren\/#breadcrumb\",\"itemListElement\":[{\"@type\":\"ListItem\",\"position\":1,\"name\":\"\u0391\u03c1\u03c7\u03b9\u03ba\u03ae\",\"item\":\"https:\/\/pangea.gr\/de\/\"},{\"@type\":\"ListItem\",\"position\":2,\"name\":\"Granitartikel\",\"item\":\"https:\/\/pangea.gr\/de\/granitartikel\/\"},{\"@type\":\"ListItem\",\"position\":3,\"name\":\"Tischgarnituren\"}]},{\"@type\":\"WebSite\",\"@id\":\"https:\/\/pangea.gr\/de\/#website\",\"url\":\"https:\/\/pangea.gr\/de\/\",\"name\":\"\u03a6\u03c5\u03c3\u03b9\u03ba\u03ac \u03a0\u03b5\u03c4\u03c1\u03ce\u03bc\u03b1\u03c4\u03b1 PANGEA\",\"description\":\"\u039f \u03c5\u03c0\u03ad\u03c1\u03bf\u03c7\u03bf\u03c2 \u03ba\u03cc\u03c3\u03bc\u03bf\u03c2 \u03c4\u03b7\u03c2 \u03a6\u03c5\u03c3\u03b9\u03ba\u03ae\u03c2 \u03a0\u03ad\u03c4\u03c1\u03b1\u03c2\",\"potentialAction\":[{\"@type\":\"SearchAction\",\"target\":{\"@type\":\"EntryPoint\",\"urlTemplate\":\"https:\/\/pangea.gr\/de\/?s={search_term_string}\"},\"query-input\":{\"@type\":\"PropertyValueSpecification\",\"valueRequired\":true,\"valueName\":\"search_term_string\"}}],\"inLanguage\":\"de\"}]}<\/script>\n<!-- \/ Yoast SEO plugin. -->","yoast_head_json":{"title":"Tischgarnituren - Pangea","robots":{"index":"index","follow":"follow","max-snippet":"max-snippet:-1","max-image-preview":"max-image-preview:large","max-video-preview":"max-video-preview:-1"},"canonical":"https:\/\/pangea.gr\/de\/granitartikel\/tischgarnituren\/","og_locale":"de_DE","og_type":"article","og_title":"Tischgarnituren - Pangea","og_description":"Tischgarnituren Granittische sind die beste L\u00f6sung f\u00fcr Ihren Garten, denn sie zeichnen sich durch ihre Langlebigkeit und ihre Widerstandsf\u00e4higkeit gegen\u00fcber Naturph\u00e4nomenen aus. Alle Seiten sind besto\u00dfen, au\u00dfer der Oberfl\u00e4che, die poliert ist. Auf Anfrage besteht auch die M\u00f6glichkeit, Ihr eigenes Design in den von Ihnen gew\u00fcnschten Abmessungen und Bearbeitungen herzustellen.","og_url":"https:\/\/pangea.gr\/de\/granitartikel\/tischgarnituren\/","og_site_name":"\u03a6\u03c5\u03c3\u03b9\u03ba\u03ac \u03a0\u03b5\u03c4\u03c1\u03ce\u03bc\u03b1\u03c4\u03b1 PANGEA","article_modified_time":"2025-04-28T11:26:00+00:00","og_image":[{"width":1024,"height":1024,"url":"https:\/\/pangea.gr\/wp-content\/uploads\/2022\/05\/\u03a4\u03c1\u03b1\u03c0\u03ad\u03b6\u03b9\u03b1.jpg","type":"image\/jpeg"}],"twitter_card":"summary_large_image","twitter_misc":{"Gesch\u00e4tzte Lesezeit":"1\u00a0Minute"},"schema":{"@context":"https:\/\/schema.org","@graph":[{"@type":"WebPage","@id":"https:\/\/pangea.gr\/de\/granitartikel\/tischgarnituren\/","url":"https:\/\/pangea.gr\/de\/granitartikel\/tischgarnituren\/","name":"Tischgarnituren - Pangea","isPartOf":{"@id":"https:\/\/pangea.gr\/de\/#website"},"primaryImageOfPage":{"@id":"https:\/\/pangea.gr\/de\/granitartikel\/tischgarnituren\/#primaryimage"},"image":{"@id":"https:\/\/pangea.gr\/de\/granitartikel\/tischgarnituren\/#primaryimage"},"thumbnailUrl":"https:\/\/pangea.gr\/wp-content\/uploads\/2022\/05\/\u03a4\u03c1\u03b1\u03c0\u03ad\u03b6\u03b9\u03b1.jpg","datePublished":"2022-05-13T13:28:41+00:00","dateModified":"2025-04-28T11:26:00+00:00","breadcrumb":{"@id":"https:\/\/pangea.gr\/de\/granitartikel\/tischgarnituren\/#breadcrumb"},"inLanguage":"de","potentialAction":[{"@type":"ReadAction","target":["https:\/\/pangea.gr\/de\/granitartikel\/tischgarnituren\/"]}]},{"@type":"ImageObject","inLanguage":"de","@id":"https:\/\/pangea.gr\/de\/granitartikel\/tischgarnituren\/#primaryimage","url":"https:\/\/pangea.gr\/wp-content\/uploads\/2022\/05\/\u03a4\u03c1\u03b1\u03c0\u03ad\u03b6\u03b9\u03b1.jpg","contentUrl":"https:\/\/pangea.gr\/wp-content\/uploads\/2022\/05\/\u03a4\u03c1\u03b1\u03c0\u03ad\u03b6\u03b9\u03b1.jpg","width":1024,"height":1024,"caption":"\u03a4\u03c1\u03b1\u03c0\u03ad\u03b6\u03b9\u03b1"},{"@type":"BreadcrumbList","@id":"https:\/\/pangea.gr\/de\/granitartikel\/tischgarnituren\/#breadcrumb","itemListElement":[{"@type":"ListItem","position":1,"name":"\u0391\u03c1\u03c7\u03b9\u03ba\u03ae","item":"https:\/\/pangea.gr\/de\/"},{"@type":"ListItem","position":2,"name":"Granitartikel","item":"https:\/\/pangea.gr\/de\/granitartikel\/"},{"@type":"ListItem","position":3,"name":"Tischgarnituren"}]},{"@type":"WebSite","@id":"https:\/\/pangea.gr\/de\/#website","url":"https:\/\/pangea.gr\/de\/","name":"\u03a6\u03c5\u03c3\u03b9\u03ba\u03ac \u03a0\u03b5\u03c4\u03c1\u03ce\u03bc\u03b1\u03c4\u03b1 PANGEA","description":"\u039f \u03c5\u03c0\u03ad\u03c1\u03bf\u03c7\u03bf\u03c2 \u03ba\u03cc\u03c3\u03bc\u03bf\u03c2 \u03c4\u03b7\u03c2 \u03a6\u03c5\u03c3\u03b9\u03ba\u03ae\u03c2 \u03a0\u03ad\u03c4\u03c1\u03b1\u03c2","potentialAction":[{"@type":"SearchAction","target":{"@type":"EntryPoint","urlTemplate":"https:\/\/pangea.gr\/de\/?s={search_term_string}"},"query-input":{"@type":"PropertyValueSpecification","valueRequired":true,"valueName":"search_term_string"}}],"inLanguage":"de"}]}},"_links":{"self":[{"href":"https:\/\/pangea.gr\/de\/wp-json\/wp\/v2\/pages\/12549","targetHints":{"allow":["GET"]}}],"collection":[{"href":"https:\/\/pangea.gr\/de\/wp-json\/wp\/v2\/pages"}],"about":[{"href":"https:\/\/pangea.gr\/de\/wp-json\/wp\/v2\/types\/page"}],"author":[{"embeddable":true,"href":"https:\/\/pangea.gr\/de\/wp-json\/wp\/v2\/users\/1"}],"replies":[{"embeddable":true,"href":"https:\/\/pangea.gr\/de\/wp-json\/wp\/v2\/comments?post=12549"}],"version-history":[{"count":5,"href":"https:\/\/pangea.gr\/de\/wp-json\/wp\/v2\/pages\/12549\/revisions"}],"predecessor-version":[{"id":13814,"href":"https:\/\/pangea.gr\/de\/wp-json\/wp\/v2\/pages\/12549\/revisions\/13814"}],"up":[{"embeddable":true,"href":"https:\/\/pangea.gr\/de\/wp-json\/wp\/v2\/pages\/12195"}],"wp:featuredmedia":[{"embeddable":true,"href":"https:\/\/pangea.gr\/de\/wp-json\/wp\/v2\/media\/12550"}],"wp:attachment":[{"href":"https:\/\/pangea.gr\/de\/wp-json\/wp\/v2\/media?parent=12549"}],"curies":[{"name":"wp","href":"https:\/\/api.w.org\/{rel}","templated":true}]}}