{"id":12195,"date":"2022-05-13T14:54:04","date_gmt":"2022-05-13T11:54:04","guid":{"rendered":"https:\/\/pangea.gr\/granitartikel\/"},"modified":"2025-05-02T16:27:49","modified_gmt":"2025-05-02T13:27:49","slug":"granitartikel","status":"publish","type":"page","link":"https:\/\/pangea.gr\/de\/granitartikel\/","title":{"rendered":"Granitartikel"},"content":{"rendered":"\t\t<div data-elementor-type=\"wp-page\" data-elementor-id=\"12195\" class=\"elementor elementor-12195 elementor-874\" data-elementor-post-type=\"page\">\n\t\t\t\t\t\t<section class=\"elementor-section elementor-top-section elementor-element elementor-element-b2ba0bf elementor-section-boxed elementor-section-height-default elementor-section-height-default\" data-id=\"b2ba0bf\" data-element_type=\"section\">\n\t\t\t\t\t\t<div class=\"elementor-container elementor-column-gap-default\">\n\t\t\t\t\t<div class=\"aux-parallax-section elementor-column elementor-col-100 elementor-top-column elementor-element elementor-element-3efc65d\" data-id=\"3efc65d\" data-element_type=\"column\">\n\t\t\t<div class=\"elementor-widget-wrap elementor-element-populated\">\n\t\t\t\t\t\t<div class=\"elementor-element elementor-element-7569f30 elementor-widget elementor-widget-heading\" data-id=\"7569f30\" data-element_type=\"widget\" data-widget_type=\"heading.default\">\n\t\t\t\t<div class=\"elementor-widget-container\">\n\t\t\t\t\t<h1 class=\"elementor-heading-title elementor-size-default\">Granitartikel<\/h1>\t\t\t\t<\/div>\n\t\t\t\t<\/div>\n\t\t\t\t\t<\/div>\n\t\t<\/div>\n\t\t\t\t\t<\/div>\n\t\t<\/section>\n\t\t\t\t<section class=\"elementor-section elementor-top-section elementor-element elementor-element-215c4e3 elementor-section-boxed elementor-section-height-default elementor-section-height-default\" data-id=\"215c4e3\" data-element_type=\"section\">\n\t\t\t\t\t\t<div class=\"elementor-container elementor-column-gap-default\">\n\t\t\t\t\t<div class=\"aux-parallax-section elementor-column elementor-col-100 elementor-top-column elementor-element elementor-element-b567d0f\" data-id=\"b567d0f\" data-element_type=\"column\">\n\t\t\t<div class=\"elementor-widget-wrap elementor-element-populated\">\n\t\t\t\t\t\t<div class=\"elementor-element elementor-element-75279d4 elementor-widget elementor-widget-text-editor\" data-id=\"75279d4\" data-element_type=\"widget\" data-widget_type=\"text-editor.default\">\n\t\t\t\t<div class=\"elementor-widget-container\">\n\t\t\t\t\t\t\t\t\t<p>Brunnen, Tische, B\u00e4nke, Skulpturen und Kunstobjekte von hoher \u00c4sthetik aus Granit und Basalt f\u00fcr moderne architektonische Anwendungen in GaLa-Bereich. Verf\u00fcgbar in verschiedenen Gr\u00f6\u00dfen und Formen sowie auf individuelle Bestellung.<\/p>\t\t\t\t\t\t\t\t<\/div>\n\t\t\t\t<\/div>\n\t\t\t\t\t<\/div>\n\t\t<\/div>\n\t\t\t\t\t<\/div>\n\t\t<\/section>\n\t\t\t\t<section class=\"elementor-section elementor-top-section elementor-element elementor-element-f31ea3d elementor-section-boxed elementor-section-height-default elementor-section-height-default\" data-id=\"f31ea3d\" data-element_type=\"section\">\n\t\t\t\t\t\t<div class=\"elementor-container elementor-column-gap-default\">\n\t\t\t\t\t<div class=\"aux-parallax-section elementor-column elementor-col-100 elementor-top-column elementor-element elementor-element-b2f852c\" data-id=\"b2f852c\" data-element_type=\"column\">\n\t\t\t<div class=\"elementor-widget-wrap elementor-element-populated\">\n\t\t\t\t\t\t<div class=\"elementor-element elementor-element-edde26c elementor-widget elementor-widget-text-editor\" data-id=\"edde26c\" data-element_type=\"widget\" data-widget_type=\"text-editor.default\">\n\t\t\t\t<div class=\"elementor-widget-container\">\n\t\t\t\t\t\t\t\t\t<p><div class=\"pt-cv-wrapper\"><div class=\"pt-cv-view pt-cv-grid pt-cv-colsys\" id=\"pt-cv-view-2da860cxh2\"><div data-id=\"pt-cv-page-1\" class=\"pt-cv-page\" data-cvc=\"3\"><div class=\"col-md-4 col-sm-6 col-xs-12 pt-cv-content-item pt-cv-1-col\" ><div class='pt-cv-ifield'><a href=\"https:\/\/pangea.gr\/de\/granitartikel\/brunnen\/\" class=\"_self pt-cv-href-thumbnail pt-cv-thumb-default\" target=\"_self\" ><img fetchpriority=\"high\" decoding=\"async\" width=\"1024\" height=\"1024\" src=\"https:\/\/pangea.gr\/wp-content\/uploads\/2022\/05\/\u0392\u03c1\u03cd\u03c3\u03b5\u03c2.jpg\" class=\"pt-cv-thumbnail\" alt=\"\" srcset=\"https:\/\/pangea.gr\/wp-content\/uploads\/2022\/05\/\u0392\u03c1\u03cd\u03c3\u03b5\u03c2.jpg 1024w, https:\/\/pangea.gr\/wp-content\/uploads\/2022\/05\/\u0392\u03c1\u03cd\u03c3\u03b5\u03c2-300x300.jpg 300w, https:\/\/pangea.gr\/wp-content\/uploads\/2022\/05\/\u0392\u03c1\u03cd\u03c3\u03b5\u03c2-150x150.jpg 150w, https:\/\/pangea.gr\/wp-content\/uploads\/2022\/05\/\u0392\u03c1\u03cd\u03c3\u03b5\u03c2-768x768.jpg 768w, https:\/\/pangea.gr\/wp-content\/uploads\/2022\/05\/\u0392\u03c1\u03cd\u03c3\u03b5\u03c2-650x650.jpg 650w\" sizes=\"(max-width: 1024px) 100vw, 1024px\" \/><\/a>\n<h4 class=\"pt-cv-title\"><a href=\"https:\/\/pangea.gr\/de\/granitartikel\/brunnen\/\" class=\"_self\" target=\"_self\" >Brunnen<\/a><\/h4><\/div><\/div>\n<div class=\"col-md-4 col-sm-6 col-xs-12 pt-cv-content-item pt-cv-1-col\" ><div class='pt-cv-ifield'><a href=\"https:\/\/pangea.gr\/de\/granitartikel\/skulpturen\/\" class=\"_self pt-cv-href-thumbnail pt-cv-thumb-default\" target=\"_self\" ><img decoding=\"async\" width=\"1024\" height=\"1024\" src=\"https:\/\/pangea.gr\/wp-content\/uploads\/2022\/05\/\u0393\u03bb\u03c5\u03c0\u03c4\u03ac.jpg\" class=\"pt-cv-thumbnail\" alt=\"\" srcset=\"https:\/\/pangea.gr\/wp-content\/uploads\/2022\/05\/\u0393\u03bb\u03c5\u03c0\u03c4\u03ac.jpg 1024w, https:\/\/pangea.gr\/wp-content\/uploads\/2022\/05\/\u0393\u03bb\u03c5\u03c0\u03c4\u03ac-300x300.jpg 300w, https:\/\/pangea.gr\/wp-content\/uploads\/2022\/05\/\u0393\u03bb\u03c5\u03c0\u03c4\u03ac-150x150.jpg 150w, https:\/\/pangea.gr\/wp-content\/uploads\/2022\/05\/\u0393\u03bb\u03c5\u03c0\u03c4\u03ac-768x768.jpg 768w, https:\/\/pangea.gr\/wp-content\/uploads\/2022\/05\/\u0393\u03bb\u03c5\u03c0\u03c4\u03ac-650x650.jpg 650w\" sizes=\"(max-width: 1024px) 100vw, 1024px\" \/><\/a>\n<h4 class=\"pt-cv-title\"><a href=\"https:\/\/pangea.gr\/de\/granitartikel\/skulpturen\/\" class=\"_self\" target=\"_self\" >Skulpturen<\/a><\/h4><\/div><\/div>\n<div class=\"col-md-4 col-sm-6 col-xs-12 pt-cv-content-item pt-cv-1-col\" ><div class='pt-cv-ifield'><a href=\"https:\/\/pangea.gr\/de\/granitartikel\/diverse-bausteine\/\" class=\"_self pt-cv-href-thumbnail pt-cv-thumb-default\" target=\"_self\" ><img decoding=\"async\" width=\"1024\" height=\"1024\" src=\"https:\/\/pangea.gr\/wp-content\/uploads\/2022\/05\/\u0394\u03b9\u03b1\u03c6\u03bf\u03c1\u03b1-\u03b4\u03bf\u03bc\u03b9\u03ba\u03ac.jpg\" class=\"pt-cv-thumbnail\" alt=\"\" srcset=\"https:\/\/pangea.gr\/wp-content\/uploads\/2022\/05\/\u0394\u03b9\u03b1\u03c6\u03bf\u03c1\u03b1-\u03b4\u03bf\u03bc\u03b9\u03ba\u03ac.jpg 1024w, https:\/\/pangea.gr\/wp-content\/uploads\/2022\/05\/\u0394\u03b9\u03b1\u03c6\u03bf\u03c1\u03b1-\u03b4\u03bf\u03bc\u03b9\u03ba\u03ac-300x300.jpg 300w, https:\/\/pangea.gr\/wp-content\/uploads\/2022\/05\/\u0394\u03b9\u03b1\u03c6\u03bf\u03c1\u03b1-\u03b4\u03bf\u03bc\u03b9\u03ba\u03ac-150x150.jpg 150w, https:\/\/pangea.gr\/wp-content\/uploads\/2022\/05\/\u0394\u03b9\u03b1\u03c6\u03bf\u03c1\u03b1-\u03b4\u03bf\u03bc\u03b9\u03ba\u03ac-768x768.jpg 768w, https:\/\/pangea.gr\/wp-content\/uploads\/2022\/05\/\u0394\u03b9\u03b1\u03c6\u03bf\u03c1\u03b1-\u03b4\u03bf\u03bc\u03b9\u03ba\u03ac-650x650.jpg 650w\" sizes=\"(max-width: 1024px) 100vw, 1024px\" \/><\/a>\n<h4 class=\"pt-cv-title\"><a href=\"https:\/\/pangea.gr\/de\/granitartikel\/diverse-bausteine\/\" class=\"_self\" target=\"_self\" >Diverse Bausteine<\/a><\/h4><\/div><\/div>\n<div class=\"col-md-4 col-sm-6 col-xs-12 pt-cv-content-item pt-cv-1-col\" ><div class='pt-cv-ifield'><a href=\"https:\/\/pangea.gr\/de\/granitartikel\/blumenkuebel\/\" class=\"_self pt-cv-href-thumbnail pt-cv-thumb-default\" target=\"_self\" ><img loading=\"lazy\" decoding=\"async\" width=\"1024\" height=\"1024\" src=\"https:\/\/pangea.gr\/wp-content\/uploads\/2022\/05\/\u0396\u03b1\u03c1\u03bd\u03c4\u03b9\u03bd\u03b9\u03ad\u03c1\u03b5\u03c2.jpg\" class=\"pt-cv-thumbnail\" alt=\"\" srcset=\"https:\/\/pangea.gr\/wp-content\/uploads\/2022\/05\/\u0396\u03b1\u03c1\u03bd\u03c4\u03b9\u03bd\u03b9\u03ad\u03c1\u03b5\u03c2.jpg 1024w, https:\/\/pangea.gr\/wp-content\/uploads\/2022\/05\/\u0396\u03b1\u03c1\u03bd\u03c4\u03b9\u03bd\u03b9\u03ad\u03c1\u03b5\u03c2-300x300.jpg 300w, https:\/\/pangea.gr\/wp-content\/uploads\/2022\/05\/\u0396\u03b1\u03c1\u03bd\u03c4\u03b9\u03bd\u03b9\u03ad\u03c1\u03b5\u03c2-150x150.jpg 150w, https:\/\/pangea.gr\/wp-content\/uploads\/2022\/05\/\u0396\u03b1\u03c1\u03bd\u03c4\u03b9\u03bd\u03b9\u03ad\u03c1\u03b5\u03c2-768x768.jpg 768w, https:\/\/pangea.gr\/wp-content\/uploads\/2022\/05\/\u0396\u03b1\u03c1\u03bd\u03c4\u03b9\u03bd\u03b9\u03ad\u03c1\u03b5\u03c2-650x650.jpg 650w\" sizes=\"(max-width: 1024px) 100vw, 1024px\" \/><\/a>\n<h4 class=\"pt-cv-title\"><a href=\"https:\/\/pangea.gr\/de\/granitartikel\/blumenkuebel\/\" class=\"_self\" target=\"_self\" >Blumenk\u00fcbel<\/a><\/h4><\/div><\/div>\n<div class=\"col-md-4 col-sm-6 col-xs-12 pt-cv-content-item pt-cv-1-col\" ><div class='pt-cv-ifield'><a href=\"https:\/\/pangea.gr\/de\/granitartikel\/tierfiguren\/\" class=\"_self pt-cv-href-thumbnail pt-cv-thumb-default\" target=\"_self\" ><img loading=\"lazy\" decoding=\"async\" width=\"1024\" height=\"1024\" src=\"https:\/\/pangea.gr\/wp-content\/uploads\/2022\/05\/\u0396\u03c9\u03ac\u03ba\u03b9\u03b1.jpg\" class=\"pt-cv-thumbnail\" alt=\"\" srcset=\"https:\/\/pangea.gr\/wp-content\/uploads\/2022\/05\/\u0396\u03c9\u03ac\u03ba\u03b9\u03b1.jpg 1024w, https:\/\/pangea.gr\/wp-content\/uploads\/2022\/05\/\u0396\u03c9\u03ac\u03ba\u03b9\u03b1-300x300.jpg 300w, https:\/\/pangea.gr\/wp-content\/uploads\/2022\/05\/\u0396\u03c9\u03ac\u03ba\u03b9\u03b1-150x150.jpg 150w, https:\/\/pangea.gr\/wp-content\/uploads\/2022\/05\/\u0396\u03c9\u03ac\u03ba\u03b9\u03b1-768x768.jpg 768w, https:\/\/pangea.gr\/wp-content\/uploads\/2022\/05\/\u0396\u03c9\u03ac\u03ba\u03b9\u03b1-650x650.jpg 650w\" sizes=\"(max-width: 1024px) 100vw, 1024px\" \/><\/a>\n<h4 class=\"pt-cv-title\"><a href=\"https:\/\/pangea.gr\/de\/granitartikel\/tierfiguren\/\" class=\"_self\" target=\"_self\" >Tierfiguren<\/a><\/h4><\/div><\/div>\n<div class=\"col-md-4 col-sm-6 col-xs-12 pt-cv-content-item pt-cv-1-col\" ><div class='pt-cv-ifield'><a href=\"https:\/\/pangea.gr\/de\/granitartikel\/lampen\/\" class=\"_self pt-cv-href-thumbnail pt-cv-thumb-default\" target=\"_self\" ><img loading=\"lazy\" decoding=\"async\" width=\"1024\" height=\"1024\" src=\"https:\/\/pangea.gr\/wp-content\/uploads\/2022\/05\/\u039b\u03ac\u03bc\u03c0\u03b5\u03c2.jpg\" class=\"pt-cv-thumbnail\" alt=\"\" srcset=\"https:\/\/pangea.gr\/wp-content\/uploads\/2022\/05\/\u039b\u03ac\u03bc\u03c0\u03b5\u03c2.jpg 1024w, https:\/\/pangea.gr\/wp-content\/uploads\/2022\/05\/\u039b\u03ac\u03bc\u03c0\u03b5\u03c2-300x300.jpg 300w, https:\/\/pangea.gr\/wp-content\/uploads\/2022\/05\/\u039b\u03ac\u03bc\u03c0\u03b5\u03c2-150x150.jpg 150w, https:\/\/pangea.gr\/wp-content\/uploads\/2022\/05\/\u039b\u03ac\u03bc\u03c0\u03b5\u03c2-768x768.jpg 768w, https:\/\/pangea.gr\/wp-content\/uploads\/2022\/05\/\u039b\u03ac\u03bc\u03c0\u03b5\u03c2-650x650.jpg 650w\" sizes=\"(max-width: 1024px) 100vw, 1024px\" \/><\/a>\n<h4 class=\"pt-cv-title\"><a href=\"https:\/\/pangea.gr\/de\/granitartikel\/lampen\/\" class=\"_self\" target=\"_self\" >Lampen<\/a><\/h4><\/div><\/div>\n<div class=\"col-md-4 col-sm-6 col-xs-12 pt-cv-content-item pt-cv-1-col\" ><div class='pt-cv-ifield'><a href=\"https:\/\/pangea.gr\/de\/granitartikel\/sitzbaenke\/\" class=\"_self pt-cv-href-thumbnail pt-cv-thumb-default\" target=\"_self\" ><img loading=\"lazy\" decoding=\"async\" width=\"1024\" height=\"1024\" src=\"https:\/\/pangea.gr\/wp-content\/uploads\/2022\/05\/\u03a0\u03b1\u03b3\u03ba\u03ac\u03ba\u03b9\u03b1.jpg\" class=\"pt-cv-thumbnail\" alt=\"\" srcset=\"https:\/\/pangea.gr\/wp-content\/uploads\/2022\/05\/\u03a0\u03b1\u03b3\u03ba\u03ac\u03ba\u03b9\u03b1.jpg 1024w, https:\/\/pangea.gr\/wp-content\/uploads\/2022\/05\/\u03a0\u03b1\u03b3\u03ba\u03ac\u03ba\u03b9\u03b1-300x300.jpg 300w, https:\/\/pangea.gr\/wp-content\/uploads\/2022\/05\/\u03a0\u03b1\u03b3\u03ba\u03ac\u03ba\u03b9\u03b1-150x150.jpg 150w, https:\/\/pangea.gr\/wp-content\/uploads\/2022\/05\/\u03a0\u03b1\u03b3\u03ba\u03ac\u03ba\u03b9\u03b1-768x768.jpg 768w, https:\/\/pangea.gr\/wp-content\/uploads\/2022\/05\/\u03a0\u03b1\u03b3\u03ba\u03ac\u03ba\u03b9\u03b1-650x650.jpg 650w\" sizes=\"(max-width: 1024px) 100vw, 1024px\" \/><\/a>\n<h4 class=\"pt-cv-title\"><a href=\"https:\/\/pangea.gr\/de\/granitartikel\/sitzbaenke\/\" class=\"_self\" target=\"_self\" >Sitzb\u00e4nke<\/a><\/h4><\/div><\/div>\n<div class=\"col-md-4 col-sm-6 col-xs-12 pt-cv-content-item pt-cv-1-col\" ><div class='pt-cv-ifield'><a href=\"https:\/\/pangea.gr\/de\/granitartikel\/traenken\/\" class=\"_self pt-cv-href-thumbnail pt-cv-thumb-default\" target=\"_self\" ><img loading=\"lazy\" decoding=\"async\" width=\"1024\" height=\"1024\" src=\"https:\/\/pangea.gr\/wp-content\/uploads\/2022\/05\/\u03a0\u03bf\u03c4\u03af\u03c3\u03c4\u03c1\u03b5\u03c2.jpg\" class=\"pt-cv-thumbnail\" alt=\"\" srcset=\"https:\/\/pangea.gr\/wp-content\/uploads\/2022\/05\/\u03a0\u03bf\u03c4\u03af\u03c3\u03c4\u03c1\u03b5\u03c2.jpg 1024w, https:\/\/pangea.gr\/wp-content\/uploads\/2022\/05\/\u03a0\u03bf\u03c4\u03af\u03c3\u03c4\u03c1\u03b5\u03c2-300x300.jpg 300w, https:\/\/pangea.gr\/wp-content\/uploads\/2022\/05\/\u03a0\u03bf\u03c4\u03af\u03c3\u03c4\u03c1\u03b5\u03c2-150x150.jpg 150w, https:\/\/pangea.gr\/wp-content\/uploads\/2022\/05\/\u03a0\u03bf\u03c4\u03af\u03c3\u03c4\u03c1\u03b5\u03c2-768x768.jpg 768w, https:\/\/pangea.gr\/wp-content\/uploads\/2022\/05\/\u03a0\u03bf\u03c4\u03af\u03c3\u03c4\u03c1\u03b5\u03c2-650x650.jpg 650w\" sizes=\"(max-width: 1024px) 100vw, 1024px\" \/><\/a>\n<h4 class=\"pt-cv-title\"><a href=\"https:\/\/pangea.gr\/de\/granitartikel\/traenken\/\" class=\"_self\" target=\"_self\" >Tr\u00e4nken<\/a><\/h4><\/div><\/div>\n<div class=\"col-md-4 col-sm-6 col-xs-12 pt-cv-content-item pt-cv-1-col\" ><div class='pt-cv-ifield'><a href=\"https:\/\/pangea.gr\/de\/granitartikel\/wasserspiele\/\" class=\"_self pt-cv-href-thumbnail pt-cv-thumb-default\" target=\"_self\" ><img loading=\"lazy\" decoding=\"async\" width=\"1024\" height=\"1024\" src=\"https:\/\/pangea.gr\/wp-content\/uploads\/2022\/05\/\u03a3\u03c5\u03bd\u03c4\u03c1\u03b9\u03b2\u03ac\u03bd\u03b9\u03b1.jpg\" class=\"pt-cv-thumbnail\" alt=\"\" srcset=\"https:\/\/pangea.gr\/wp-content\/uploads\/2022\/05\/\u03a3\u03c5\u03bd\u03c4\u03c1\u03b9\u03b2\u03ac\u03bd\u03b9\u03b1.jpg 1024w, https:\/\/pangea.gr\/wp-content\/uploads\/2022\/05\/\u03a3\u03c5\u03bd\u03c4\u03c1\u03b9\u03b2\u03ac\u03bd\u03b9\u03b1-300x300.jpg 300w, https:\/\/pangea.gr\/wp-content\/uploads\/2022\/05\/\u03a3\u03c5\u03bd\u03c4\u03c1\u03b9\u03b2\u03ac\u03bd\u03b9\u03b1-150x150.jpg 150w, https:\/\/pangea.gr\/wp-content\/uploads\/2022\/05\/\u03a3\u03c5\u03bd\u03c4\u03c1\u03b9\u03b2\u03ac\u03bd\u03b9\u03b1-768x768.jpg 768w, https:\/\/pangea.gr\/wp-content\/uploads\/2022\/05\/\u03a3\u03c5\u03bd\u03c4\u03c1\u03b9\u03b2\u03ac\u03bd\u03b9\u03b1-650x650.jpg 650w\" sizes=\"(max-width: 1024px) 100vw, 1024px\" \/><\/a>\n<h4 class=\"pt-cv-title\"><a href=\"https:\/\/pangea.gr\/de\/granitartikel\/wasserspiele\/\" class=\"_self\" target=\"_self\" >Wasserspiele<\/a><\/h4><\/div><\/div>\n<div class=\"col-md-4 col-sm-6 col-xs-12 pt-cv-content-item pt-cv-1-col\" ><div class='pt-cv-ifield'><a href=\"https:\/\/pangea.gr\/de\/granitartikel\/tischgarnituren\/\" class=\"_self pt-cv-href-thumbnail pt-cv-thumb-default\" target=\"_self\" ><img loading=\"lazy\" decoding=\"async\" width=\"1024\" height=\"1024\" src=\"https:\/\/pangea.gr\/wp-content\/uploads\/2022\/05\/\u03a4\u03c1\u03b1\u03c0\u03ad\u03b6\u03b9\u03b1.jpg\" class=\"pt-cv-thumbnail\" alt=\"\" srcset=\"https:\/\/pangea.gr\/wp-content\/uploads\/2022\/05\/\u03a4\u03c1\u03b1\u03c0\u03ad\u03b6\u03b9\u03b1.jpg 1024w, https:\/\/pangea.gr\/wp-content\/uploads\/2022\/05\/\u03a4\u03c1\u03b1\u03c0\u03ad\u03b6\u03b9\u03b1-300x300.jpg 300w, https:\/\/pangea.gr\/wp-content\/uploads\/2022\/05\/\u03a4\u03c1\u03b1\u03c0\u03ad\u03b6\u03b9\u03b1-150x150.jpg 150w, https:\/\/pangea.gr\/wp-content\/uploads\/2022\/05\/\u03a4\u03c1\u03b1\u03c0\u03ad\u03b6\u03b9\u03b1-768x768.jpg 768w, https:\/\/pangea.gr\/wp-content\/uploads\/2022\/05\/\u03a4\u03c1\u03b1\u03c0\u03ad\u03b6\u03b9\u03b1-650x650.jpg 650w\" sizes=\"(max-width: 1024px) 100vw, 1024px\" \/><\/a>\n<h4 class=\"pt-cv-title\"><a href=\"https:\/\/pangea.gr\/de\/granitartikel\/tischgarnituren\/\" class=\"_self\" target=\"_self\" >Tischgarnituren<\/a><\/h4><\/div><\/div>\n<div class=\"col-md-4 col-sm-6 col-xs-12 pt-cv-content-item pt-cv-1-col\" ><div class='pt-cv-ifield'><a href=\"https:\/\/pangea.gr\/de\/granitartikel\/waschbecken\/\" class=\"_self pt-cv-href-thumbnail pt-cv-thumb-default\" target=\"_self\" ><img loading=\"lazy\" decoding=\"async\" width=\"1024\" height=\"1024\" src=\"https:\/\/pangea.gr\/wp-content\/uploads\/2022\/05\/\u039d\u03b5\u03c1\u03bf\u03c7\u03cd\u03c4\u03b5\u03c2.jpg\" class=\"pt-cv-thumbnail\" alt=\"\" srcset=\"https:\/\/pangea.gr\/wp-content\/uploads\/2022\/05\/\u039d\u03b5\u03c1\u03bf\u03c7\u03cd\u03c4\u03b5\u03c2.jpg 1024w, https:\/\/pangea.gr\/wp-content\/uploads\/2022\/05\/\u039d\u03b5\u03c1\u03bf\u03c7\u03cd\u03c4\u03b5\u03c2-300x300.jpg 300w, https:\/\/pangea.gr\/wp-content\/uploads\/2022\/05\/\u039d\u03b5\u03c1\u03bf\u03c7\u03cd\u03c4\u03b5\u03c2-150x150.jpg 150w, https:\/\/pangea.gr\/wp-content\/uploads\/2022\/05\/\u039d\u03b5\u03c1\u03bf\u03c7\u03cd\u03c4\u03b5\u03c2-768x768.jpg 768w, https:\/\/pangea.gr\/wp-content\/uploads\/2022\/05\/\u039d\u03b5\u03c1\u03bf\u03c7\u03cd\u03c4\u03b5\u03c2-650x650.jpg 650w\" sizes=\"(max-width: 1024px) 100vw, 1024px\" \/><\/a>\n<h4 class=\"pt-cv-title\"><a href=\"https:\/\/pangea.gr\/de\/granitartikel\/waschbecken\/\" class=\"_self\" target=\"_self\" >Waschbecken<\/a><\/h4><\/div><\/div><\/div><\/div><\/div><\/p>\n\t\t\t\t\t\t\t\t<\/div>\n\t\t\t\t<\/div>\n\t\t\t\t\t<\/div>\n\t\t<\/div>\n\t\t\t\t\t<\/div>\n\t\t<\/section>\n\t\t\t\t<\/div>\n\t\t","protected":false},"excerpt":{"rendered":"<p>Granitartikel Brunnen, Tische, B\u00e4nke, Skulpturen und Kunstobjekte von hoher \u00c4sthetik aus Granit und Basalt f\u00fcr moderne architektonische Anwendungen in GaLa-Bereich. Verf\u00fcgbar in verschiedenen Gr\u00f6\u00dfen und Formen sowie auf individuelle Bestellung.<\/p>\n","protected":false},"author":1,"featured_media":11892,"parent":0,"menu_order":0,"comment_status":"closed","ping_status":"closed","template":"","meta":{"footnotes":""},"class_list":["post-12195","page","type-page","status-publish","has-post-thumbnail","hentry"],"yoast_head":"<!-- This site is optimized with the Yoast SEO plugin v26.1 - https:\/\/yoast.com\/wordpress\/plugins\/seo\/ -->\n<title>Granitartikel | Tische - Brunnen - Skulpturen | Natursteine PANGEA<\/title>\n<meta name=\"robots\" content=\"index, follow, max-snippet:-1, max-image-preview:large, max-video-preview:-1\" \/>\n<link rel=\"canonical\" href=\"https:\/\/pangea.gr\/de\/granitartikel\/\" \/>\n<meta property=\"og:locale\" content=\"de_DE\" \/>\n<meta property=\"og:type\" content=\"article\" \/>\n<meta property=\"og:title\" content=\"Granitartikel | Tische - Brunnen - Skulpturen | Natursteine PANGEA\" \/>\n<meta property=\"og:description\" content=\"Granitartikel Brunnen, Tische, B\u00e4nke, Skulpturen und Kunstobjekte von hoher \u00c4sthetik aus Granit und Basalt f\u00fcr moderne architektonische Anwendungen in GaLa-Bereich. Verf\u00fcgbar in verschiedenen Gr\u00f6\u00dfen und Formen sowie auf individuelle Bestellung.\" \/>\n<meta property=\"og:url\" content=\"https:\/\/pangea.gr\/de\/granitartikel\/\" \/>\n<meta property=\"og:site_name\" content=\"\u03a6\u03c5\u03c3\u03b9\u03ba\u03ac \u03a0\u03b5\u03c4\u03c1\u03ce\u03bc\u03b1\u03c4\u03b1 PANGEA\" \/>\n<meta property=\"article:modified_time\" content=\"2025-05-02T13:27:49+00:00\" \/>\n<meta property=\"og:image\" content=\"https:\/\/pangea.gr\/wp-content\/uploads\/2022\/05\/\u03a0\u03bf\u03c1\u03c6\u03cd\u03c1\u03b7\u03c2_1.jpg\" \/>\n\t<meta property=\"og:image:width\" content=\"1024\" \/>\n\t<meta property=\"og:image:height\" content=\"1024\" \/>\n\t<meta property=\"og:image:type\" content=\"image\/jpeg\" \/>\n<meta name=\"twitter:card\" content=\"summary_large_image\" \/>\n<meta name=\"twitter:label1\" content=\"Gesch\u00e4tzte Lesezeit\" \/>\n\t<meta name=\"twitter:data1\" content=\"3\u00a0Minuten\" \/>\n<script type=\"application\/ld+json\" class=\"yoast-schema-graph\">{\"@context\":\"https:\/\/schema.org\",\"@graph\":[{\"@type\":\"WebPage\",\"@id\":\"https:\/\/pangea.gr\/de\/granitartikel\/\",\"url\":\"https:\/\/pangea.gr\/de\/granitartikel\/\",\"name\":\"Granitartikel | Tische - Brunnen - Skulpturen | Natursteine PANGEA\",\"isPartOf\":{\"@id\":\"https:\/\/pangea.gr\/de\/#website\"},\"primaryImageOfPage\":{\"@id\":\"https:\/\/pangea.gr\/de\/granitartikel\/#primaryimage\"},\"image\":{\"@id\":\"https:\/\/pangea.gr\/de\/granitartikel\/#primaryimage\"},\"thumbnailUrl\":\"https:\/\/pangea.gr\/wp-content\/uploads\/2022\/05\/\u03a0\u03bf\u03c1\u03c6\u03cd\u03c1\u03b7\u03c2_1.jpg\",\"datePublished\":\"2022-05-13T11:54:04+00:00\",\"dateModified\":\"2025-05-02T13:27:49+00:00\",\"breadcrumb\":{\"@id\":\"https:\/\/pangea.gr\/de\/granitartikel\/#breadcrumb\"},\"inLanguage\":\"de\",\"potentialAction\":[{\"@type\":\"ReadAction\",\"target\":[\"https:\/\/pangea.gr\/de\/granitartikel\/\"]}]},{\"@type\":\"ImageObject\",\"inLanguage\":\"de\",\"@id\":\"https:\/\/pangea.gr\/de\/granitartikel\/#primaryimage\",\"url\":\"https:\/\/pangea.gr\/wp-content\/uploads\/2022\/05\/\u03a0\u03bf\u03c1\u03c6\u03cd\u03c1\u03b7\u03c2_1.jpg\",\"contentUrl\":\"https:\/\/pangea.gr\/wp-content\/uploads\/2022\/05\/\u03a0\u03bf\u03c1\u03c6\u03cd\u03c1\u03b7\u03c2_1.jpg\",\"width\":1024,\"height\":1024,\"caption\":\"\u03a0\u03bf\u03c1\u03c6\u03cd\u03c1\u03b7\u03c2\"},{\"@type\":\"BreadcrumbList\",\"@id\":\"https:\/\/pangea.gr\/de\/granitartikel\/#breadcrumb\",\"itemListElement\":[{\"@type\":\"ListItem\",\"position\":1,\"name\":\"\u0391\u03c1\u03c7\u03b9\u03ba\u03ae\",\"item\":\"https:\/\/pangea.gr\/de\/\"},{\"@type\":\"ListItem\",\"position\":2,\"name\":\"Granitartikel\"}]},{\"@type\":\"WebSite\",\"@id\":\"https:\/\/pangea.gr\/de\/#website\",\"url\":\"https:\/\/pangea.gr\/de\/\",\"name\":\"\u03a6\u03c5\u03c3\u03b9\u03ba\u03ac \u03a0\u03b5\u03c4\u03c1\u03ce\u03bc\u03b1\u03c4\u03b1 PANGEA\",\"description\":\"\u039f \u03c5\u03c0\u03ad\u03c1\u03bf\u03c7\u03bf\u03c2 \u03ba\u03cc\u03c3\u03bc\u03bf\u03c2 \u03c4\u03b7\u03c2 \u03a6\u03c5\u03c3\u03b9\u03ba\u03ae\u03c2 \u03a0\u03ad\u03c4\u03c1\u03b1\u03c2\",\"potentialAction\":[{\"@type\":\"SearchAction\",\"target\":{\"@type\":\"EntryPoint\",\"urlTemplate\":\"https:\/\/pangea.gr\/de\/?s={search_term_string}\"},\"query-input\":{\"@type\":\"PropertyValueSpecification\",\"valueRequired\":true,\"valueName\":\"search_term_string\"}}],\"inLanguage\":\"de\"}]}<\/script>\n<!-- \/ Yoast SEO plugin. -->","yoast_head_json":{"title":"Granitartikel | Tische - Brunnen - Skulpturen | Natursteine PANGEA","robots":{"index":"index","follow":"follow","max-snippet":"max-snippet:-1","max-image-preview":"max-image-preview:large","max-video-preview":"max-video-preview:-1"},"canonical":"https:\/\/pangea.gr\/de\/granitartikel\/","og_locale":"de_DE","og_type":"article","og_title":"Granitartikel | Tische - Brunnen - Skulpturen | Natursteine PANGEA","og_description":"Granitartikel Brunnen, Tische, B\u00e4nke, Skulpturen und Kunstobjekte von hoher \u00c4sthetik aus Granit und Basalt f\u00fcr moderne architektonische Anwendungen in GaLa-Bereich. Verf\u00fcgbar in verschiedenen Gr\u00f6\u00dfen und Formen sowie auf individuelle Bestellung.","og_url":"https:\/\/pangea.gr\/de\/granitartikel\/","og_site_name":"\u03a6\u03c5\u03c3\u03b9\u03ba\u03ac \u03a0\u03b5\u03c4\u03c1\u03ce\u03bc\u03b1\u03c4\u03b1 PANGEA","article_modified_time":"2025-05-02T13:27:49+00:00","og_image":[{"width":1024,"height":1024,"url":"https:\/\/pangea.gr\/wp-content\/uploads\/2022\/05\/\u03a0\u03bf\u03c1\u03c6\u03cd\u03c1\u03b7\u03c2_1.jpg","type":"image\/jpeg"}],"twitter_card":"summary_large_image","twitter_misc":{"Gesch\u00e4tzte Lesezeit":"3\u00a0Minuten"},"schema":{"@context":"https:\/\/schema.org","@graph":[{"@type":"WebPage","@id":"https:\/\/pangea.gr\/de\/granitartikel\/","url":"https:\/\/pangea.gr\/de\/granitartikel\/","name":"Granitartikel | Tische - Brunnen - Skulpturen | Natursteine PANGEA","isPartOf":{"@id":"https:\/\/pangea.gr\/de\/#website"},"primaryImageOfPage":{"@id":"https:\/\/pangea.gr\/de\/granitartikel\/#primaryimage"},"image":{"@id":"https:\/\/pangea.gr\/de\/granitartikel\/#primaryimage"},"thumbnailUrl":"https:\/\/pangea.gr\/wp-content\/uploads\/2022\/05\/\u03a0\u03bf\u03c1\u03c6\u03cd\u03c1\u03b7\u03c2_1.jpg","datePublished":"2022-05-13T11:54:04+00:00","dateModified":"2025-05-02T13:27:49+00:00","breadcrumb":{"@id":"https:\/\/pangea.gr\/de\/granitartikel\/#breadcrumb"},"inLanguage":"de","potentialAction":[{"@type":"ReadAction","target":["https:\/\/pangea.gr\/de\/granitartikel\/"]}]},{"@type":"ImageObject","inLanguage":"de","@id":"https:\/\/pangea.gr\/de\/granitartikel\/#primaryimage","url":"https:\/\/pangea.gr\/wp-content\/uploads\/2022\/05\/\u03a0\u03bf\u03c1\u03c6\u03cd\u03c1\u03b7\u03c2_1.jpg","contentUrl":"https:\/\/pangea.gr\/wp-content\/uploads\/2022\/05\/\u03a0\u03bf\u03c1\u03c6\u03cd\u03c1\u03b7\u03c2_1.jpg","width":1024,"height":1024,"caption":"\u03a0\u03bf\u03c1\u03c6\u03cd\u03c1\u03b7\u03c2"},{"@type":"BreadcrumbList","@id":"https:\/\/pangea.gr\/de\/granitartikel\/#breadcrumb","itemListElement":[{"@type":"ListItem","position":1,"name":"\u0391\u03c1\u03c7\u03b9\u03ba\u03ae","item":"https:\/\/pangea.gr\/de\/"},{"@type":"ListItem","position":2,"name":"Granitartikel"}]},{"@type":"WebSite","@id":"https:\/\/pangea.gr\/de\/#website","url":"https:\/\/pangea.gr\/de\/","name":"\u03a6\u03c5\u03c3\u03b9\u03ba\u03ac \u03a0\u03b5\u03c4\u03c1\u03ce\u03bc\u03b1\u03c4\u03b1 PANGEA","description":"\u039f \u03c5\u03c0\u03ad\u03c1\u03bf\u03c7\u03bf\u03c2 \u03ba\u03cc\u03c3\u03bc\u03bf\u03c2 \u03c4\u03b7\u03c2 \u03a6\u03c5\u03c3\u03b9\u03ba\u03ae\u03c2 \u03a0\u03ad\u03c4\u03c1\u03b1\u03c2","potentialAction":[{"@type":"SearchAction","target":{"@type":"EntryPoint","urlTemplate":"https:\/\/pangea.gr\/de\/?s={search_term_string}"},"query-input":{"@type":"PropertyValueSpecification","valueRequired":true,"valueName":"search_term_string"}}],"inLanguage":"de"}]}},"_links":{"self":[{"href":"https:\/\/pangea.gr\/de\/wp-json\/wp\/v2\/pages\/12195","targetHints":{"allow":["GET"]}}],"collection":[{"href":"https:\/\/pangea.gr\/de\/wp-json\/wp\/v2\/pages"}],"about":[{"href":"https:\/\/pangea.gr\/de\/wp-json\/wp\/v2\/types\/page"}],"author":[{"embeddable":true,"href":"https:\/\/pangea.gr\/de\/wp-json\/wp\/v2\/users\/1"}],"replies":[{"embeddable":true,"href":"https:\/\/pangea.gr\/de\/wp-json\/wp\/v2\/comments?post=12195"}],"version-history":[{"count":4,"href":"https:\/\/pangea.gr\/de\/wp-json\/wp\/v2\/pages\/12195\/revisions"}],"predecessor-version":[{"id":13903,"href":"https:\/\/pangea.gr\/de\/wp-json\/wp\/v2\/pages\/12195\/revisions\/13903"}],"wp:featuredmedia":[{"embeddable":true,"href":"https:\/\/pangea.gr\/de\/wp-json\/wp\/v2\/media\/11892"}],"wp:attachment":[{"href":"https:\/\/pangea.gr\/de\/wp-json\/wp\/v2\/media?parent=12195"}],"curies":[{"name":"wp","href":"https:\/\/api.w.org\/{rel}","templated":true}]}}